{"id":258,"date":"2025-03-04T00:17:11","date_gmt":"2025-03-04T00:17:11","guid":{"rendered":"https:\/\/breakdance.es\/?page_id=258"},"modified":"2025-10-05T23:47:20","modified_gmt":"2025-10-05T23:47:20","slug":"breakdance-kids","status":"publish","type":"page","link":"https:\/\/breakdance.es\/es\/breakdance-kids\/","title":{"rendered":"Breakdance kids"},"content":{"rendered":"\n<h1 class=\"wp-block-heading has-text-align-center has-huge-font-size\">Introducci\u00f3n al Breakdance para ni\u00f1os<\/h1>\n\n\n\n<p class=\"has-text-align-center is-style-default has-huge-font-size\"><\/p>\n\n\n\n<p class=\"has-text-align-center is-style-default has-small-font-size\">El Break Dance no es solo un baile, es una forma de expresi\u00f3n, creatividad y disciplina. En esta secci\u00f3n, descubrir\u00e1s c\u00f3mo los m\u00e1s peque\u00f1os pueden iniciarse en el mundo del Breaking de manera segura y divertida. Desde sus primeros movimientos hasta t\u00e9cnicas m\u00e1s avanzadas, aqu\u00ed encontrar\u00e1s todo lo necesario para que los ni\u00f1os disfruten aprendiendo este incre\u00edble estilo de baile. \u00a1Hora de moverse y brillar en la pista!<\/p>\n\n\n\n<div class=\"wp-block-media-text alignwide is-stacked-on-mobile\"><figure class=\"wp-block-media-text__media\"><a href=\"https:\/\/breakdance.es\/a-que-edad-empezar-breakdance\/\"><img loading=\"lazy\" decoding=\"async\" width=\"1024\" height=\"640\" src=\"https:\/\/breakdance.es\/wp-content\/uploads\/2025\/03\/nino-baby-freeze-breakdance-malaga-1024x640.jpg\" alt=\"Ni\u00f1o con gorra haciendo un baby freeze de breakdance en un suelo azul con fondo negro.\" class=\"wp-image-860 size-full\" srcset=\"https:\/\/breakdance.es\/wp-content\/uploads\/2025\/03\/nino-baby-freeze-breakdance-malaga-1024x640.jpg 1024w, https:\/\/breakdance.es\/wp-content\/uploads\/2025\/03\/nino-baby-freeze-breakdance-malaga-300x188.jpg 300w, https:\/\/breakdance.es\/wp-content\/uploads\/2025\/03\/nino-baby-freeze-breakdance-malaga-768x480.jpg 768w, https:\/\/breakdance.es\/wp-content\/uploads\/2025\/03\/nino-baby-freeze-breakdance-malaga.jpg 1400w\" sizes=\"auto, (max-width: 1024px) 100vw, 1024px\" \/><\/a><\/figure><div class=\"wp-block-media-text__content\">\n<h6 class=\"wp-block-heading\"><strong><a href=\"https:\/\/breakdance.es\/a-que-edad-empezar-breakdance\/\">\u00bfDesde qu\u00e9 edad pueden empezar los ni\u00f1os a hacer Breakdance?<\/a><\/strong><\/h6>\n\n\n\n<p>Aqu\u00ed te explicamos los 5 pasos fundamentales para aprender a bailar break dance desde cero. Breakdance o Breaking es una de las danzas urbanas m\u00e1s populares y emocionantes del mundo. Si est\u00e1s buscando c\u00f3mo empezar a bailar Breakdance en Kids desde cero, este art\u00edculo es para ti. A continuaci\u00f3n, descubrir\u00e1s los los errores comunes que debes evitar y c\u00f3mo poner en pr\u00e1ctica estos movimientos b\u00e1sicos. Adem\u00e1s, con la pr\u00e1ctica constante, podr\u00e1s desarrollar tu estilo y alcanzar un nivel avanzado. Si quieres conocer los pasos detallados, visita nuestra gu\u00eda completa <a href=\"https:\/\/breakdance.es\/a-que-edad-empezar-breakdance\/\">aqu\u00ed.<\/a><\/p>\n<\/div><\/div>\n\n\n\n<div class=\"wp-block-media-text alignwide has-media-on-the-right is-stacked-on-mobile\"><div class=\"wp-block-media-text__content\">\n<h6 class=\"wp-block-heading\"><a href=\"https:\/\/breakdance.es\/breakdance-seguro-para-ninos\/\">Es seguro el Breakdance para los ni\u00f1os? Consejos para evitar lesiones<\/a><\/h6>\n\n\n\n<p>El Breaking es una disciplina f\u00edsica emocionante y llena de energ\u00eda, que puede ser incre\u00edblemente beneficiosa para los ni\u00f1os y ni\u00f1as. Ayuda a desarrollar habilidades motoras, coordinaci\u00f3n, fuerza y confianza, pero como cualquier actividad f\u00edsica intensa, es importante tener precauciones para garantizar la seguridad y evitar lesiones. A continuaci\u00f3n, te damos algunos consejos clave para que el Breaking sea seguro y divertido para los m\u00e1s peque\u00f1os: Si quieres conocer los pasos detallados, visita nuestra gu\u00eda completa <a href=\"https:\/\/breakdance.es\/breakdance-seguro-para-ninos\/\">aqu\u00ed!<\/a><\/p>\n<\/div><figure class=\"wp-block-media-text__media\"><a href=\"https:\/\/breakdance.es\/breakdance-seguro-para-ninos\/\"><img loading=\"lazy\" decoding=\"async\" width=\"1024\" height=\"683\" src=\"https:\/\/breakdance.es\/wp-content\/uploads\/2025\/03\/Entrenador-breakdance-kids-1024x683.webp\" alt=\"Entrenador de breakdance ense\u00f1ando un paso a una ni\u00f1a, mientras otro ni\u00f1o hace un freeze de cabeza en una sala de baile.\" class=\"wp-image-862 size-full\" srcset=\"https:\/\/breakdance.es\/wp-content\/uploads\/2025\/03\/Entrenador-breakdance-kids-1024x683.webp 1024w, https:\/\/breakdance.es\/wp-content\/uploads\/2025\/03\/Entrenador-breakdance-kids-300x200.webp 300w, https:\/\/breakdance.es\/wp-content\/uploads\/2025\/03\/Entrenador-breakdance-kids-768x512.webp 768w, https:\/\/breakdance.es\/wp-content\/uploads\/2025\/03\/Entrenador-breakdance-kids.webp 1200w\" sizes=\"auto, (max-width: 1024px) 100vw, 1024px\" \/><\/a><\/figure><\/div>\n\n\n\n<div class=\"wp-block-media-text alignwide is-stacked-on-mobile\"><figure class=\"wp-block-media-text__media\"><a href=\"https:\/\/breakdance.es\/breakdance-kids-disciplina-trabajo-equipo\/\"><img loading=\"lazy\" decoding=\"async\" width=\"980\" height=\"678\" src=\"https:\/\/breakdance.es\/wp-content\/uploads\/2025\/03\/grupo-breakdance-kids-y-entrenador-.avif\" alt=\"Ni\u00f1os en formaci\u00f3n con su entrenador de breakdance, uno haciendo un freeze de cabeza en una escuela de baile.\" class=\"wp-image-863 size-full\" srcset=\"https:\/\/breakdance.es\/wp-content\/uploads\/2025\/03\/grupo-breakdance-kids-y-entrenador-.avif 980w, https:\/\/breakdance.es\/wp-content\/uploads\/2025\/03\/grupo-breakdance-kids-y-entrenador--300x208.avif 300w, https:\/\/breakdance.es\/wp-content\/uploads\/2025\/03\/grupo-breakdance-kids-y-entrenador--768x531.avif 768w\" sizes=\"auto, (max-width: 980px) 100vw, 980px\" \/><\/a><\/figure><div class=\"wp-block-media-text__content\">\n<h6 class=\"wp-block-heading\"><a href=\"https:\/\/breakdance.es\/breakdance-kids-disciplina-trabajo-equipo\/\">Como el Break Dance ayuda a los ni\u00f1os a desarrollar la disciplina y el trabajo en equipo<\/a><\/h6>\n\n\n\n<p>Aqu\u00ed te explicamos los 5 pasos fundamentales para aprender a bailar break dance desde cero. Breakdance o Breaking es una de las danzas urbanas m\u00e1s populares y emocionantes del mundo. Si est\u00e1s buscando c\u00f3mo empezar a bailar Breakdance desde cero, este art\u00edculo es para ti. A continuaci\u00f3n, descubrir\u00e1s los los errores comunes que debes evitar y c\u00f3mo poner en pr\u00e1ctica estos movimientos b\u00e1sicos. Adem\u00e1s, con la pr\u00e1ctica constante, podr\u00e1s desarrollar tu estilo y alcanzar un nivel avanzado. Si quieres conocer los pasos detallados, visita nuestra gu\u00eda completa <a href=\"https:\/\/breakdance.es\/breakdance-kids-disciplina-trabajo-equipo\/\">aqu\u00ed<\/a>.<\/p>\n<\/div><\/div>\n\n\n\n<div class=\"wp-block-media-text alignwide has-media-on-the-right is-stacked-on-mobile\"><div class=\"wp-block-media-text__content\">\n<h6 class=\"wp-block-heading\"><a href=\"https:\/\/breakdance.es\/primeros-10-movimientos-breakdance-kids\/\">Los primeros 10 movimientos de breakdance que todo ni\u00f1o o ni\u00f1a deben aprender<\/a><\/h6>\n\n\n\n<p>El Breaking no solo es una forma impresionante de bailar, sino tambi\u00e9n una excelente actividad para el desarrollo f\u00edsico y emocional de los ni\u00f1os. Al aprender Breaking, los peque\u00f1os no solo desarrollan habilidades de coordinaci\u00f3n, ritmo y flexibilidad, sino tambi\u00e9n fortalezas emocionales como la disciplina, la perseverancia, la creatividad y el trabajo en grupo. <a href=\"https:\/\/breakdance.es\/primeros-10-movimientos-breakdance-kids\/\">aqu\u00ed.<\/a><\/p>\n<\/div><figure class=\"wp-block-media-text__media\"><a href=\"https:\/\/breakdance.es\/primeros-10-movimientos-breakdance-kids\/\"><img loading=\"lazy\" decoding=\"async\" width=\"1024\" height=\"576\" src=\"https:\/\/breakdance.es\/wp-content\/uploads\/2025\/03\/tutorial-10-movimientos-breakdance-basicos--1024x576.jpeg\" alt=\"Chico haciendo un freeze con un texto que dice 10 movimientos chulos de break dance.\" class=\"wp-image-865 size-full\" srcset=\"https:\/\/breakdance.es\/wp-content\/uploads\/2025\/03\/tutorial-10-movimientos-breakdance-basicos--1024x576.jpeg 1024w, https:\/\/breakdance.es\/wp-content\/uploads\/2025\/03\/tutorial-10-movimientos-breakdance-basicos--300x169.jpeg 300w, https:\/\/breakdance.es\/wp-content\/uploads\/2025\/03\/tutorial-10-movimientos-breakdance-basicos--768x432.jpeg 768w, https:\/\/breakdance.es\/wp-content\/uploads\/2025\/03\/tutorial-10-movimientos-breakdance-basicos-.jpeg 1280w\" sizes=\"auto, (max-width: 1024px) 100vw, 1024px\" \/><\/a><\/figure><\/div>\n\n\n\n<div class=\"wp-block-media-text alignwide is-stacked-on-mobile\"><figure class=\"wp-block-media-text__media\"><a href=\"https:\/\/breakdance.es\/5-pasos-para-bailar-break-dance\/\"><img loading=\"lazy\" decoding=\"async\" width=\"1024\" height=\"683\" src=\"https:\/\/breakdance.es\/wp-content\/uploads\/2025\/03\/Competicion-Breakdance-kids-cypher-1024x683.jpeg\" alt=\"Dos ni\u00f1os vestidos iguales realizando una coreograf\u00eda en una competici\u00f3n de breakdance, con el p\u00fablico alrededor.\" class=\"wp-image-867 size-full\" srcset=\"https:\/\/breakdance.es\/wp-content\/uploads\/2025\/03\/Competicion-Breakdance-kids-cypher-1024x683.jpeg 1024w, https:\/\/breakdance.es\/wp-content\/uploads\/2025\/03\/Competicion-Breakdance-kids-cypher-300x200.jpeg 300w, https:\/\/breakdance.es\/wp-content\/uploads\/2025\/03\/Competicion-Breakdance-kids-cypher-768x512.jpeg 768w, https:\/\/breakdance.es\/wp-content\/uploads\/2025\/03\/Competicion-Breakdance-kids-cypher-1536x1024.jpeg 1536w, https:\/\/breakdance.es\/wp-content\/uploads\/2025\/03\/Competicion-Breakdance-kids-cypher.jpeg 2048w\" sizes=\"auto, (max-width: 1024px) 100vw, 1024px\" \/><\/a><\/figure><div class=\"wp-block-media-text__content\">\n<h6 class=\"wp-block-heading\"><a href=\"https:\/\/breakdance.es\/competiciones-breakdance-kids-primer-torneo\/\">Competiciones de Breakdance kids: Como prepararlos para su primer torneo<\/a><\/h6>\n\n\n\n<p>El<strong> Breaking<\/strong> es una disciplina que no solo ofrece una excelente forma de ejercicio y desarrollo personal, sino que tambi\u00e9n es una oportunidad para que los ni\u00f1os se enfrenten a desaf\u00edos emocionantes, como las competiciones. Participar en un **torneo de Breakdance** puede ser una experiencia incre\u00edblemente motivadora y enriquecedora para los peque\u00f1os bailarines, ya que les permite poner en pr\u00e1ctica todo lo aprendido y medir su progreso frente a otros. Sin embargo, prepararse para un torneo de Breakdance requiere de planificaci\u00f3n, t\u00e9cnica y una mentalidad positiva. As\u00ed que en este art\u00edculo te lo explicamos todo <a href=\"https:\/\/breakdance.es\/competiciones-breakdance-kids-primer-torneo\/\">aqu\u00ed.<\/a><\/p>\n<\/div><\/div>\n\n\n\n<p class=\"has-text-align-center is-style-default has-huge-font-size\"><\/p>\n\n\n\n<h6 class=\"wp-block-heading has-text-align-center\"><strong>Inspira a los m\u00e1s peque\u00f1os a bailar y crecer<\/strong><\/h6>\n\n\n\n<p>El<strong> breaking<\/strong> es mucho m\u00e1s que movimiento; es una herramienta para que los ni\u00f1os desarrollen creatividad, confianza y disciplina mientras se divierten. Aprender Breakdance desde kids no solo mejora su coordinaci\u00f3n y condici\u00f3n f\u00edsica, sino que tambi\u00e9n fomenta valores como la perseverancia y el trabajo en equipo.<\/p>\n\n\n\n<p><\/p>\n\n\n\n<p>Si quieres que los m\u00e1s peque\u00f1os sigan explorando este emocionante mundo, <strong>s\u00edguenos en nuestras redes sociales y comparte este contenido<\/strong>. \u00a1Ayudemos a m\u00e1s ni\u00f1os a descubrir su pasi\u00f3n por el breaking y a brillar en la pista! \ud83d\udd25\ud83d\udd7a\ud83d\udc4a<\/p>\n\n\n\n<p><\/p>\n","protected":false},"excerpt":{"rendered":"<p>Introducci\u00f3n al Breakdance para ni\u00f1os El Break Dance no es solo un baile, es una forma de expresi\u00f3n, creatividad y disciplina. En esta secci\u00f3n, descubrir\u00e1s c\u00f3mo los m\u00e1s peque\u00f1os pueden iniciarse en el mundo del Breaking de manera segura y divertida. Desde sus primeros movimientos hasta t\u00e9cnicas m\u00e1s avanzadas, aqu\u00ed encontrar\u00e1s todo lo necesario para [&hellip;]<\/p>\n","protected":false},"author":1,"featured_media":0,"parent":0,"menu_order":0,"comment_status":"open","ping_status":"closed","template":"","meta":{"_coblocks_attr":"","_coblocks_dimensions":"","_coblocks_responsive_height":"","_coblocks_accordion_ie_support":"","hide_page_title":"","footnotes":""},"class_list":["post-258","page","type-page","status-publish","hentry"],"yoast_head":"<!-- This site is optimized with the Yoast SEO plugin v27.5 - https:\/\/yoast.com\/product\/yoast-seo-wordpress\/ -->\n<title>Breakdance kids - Break Dance<\/title>\n<meta name=\"description\" content=\"Breakdance Kids: Descubre c\u00f3mo el baile beneficia a los ni\u00f1os, desde el desarrollo f\u00edsico, la creatividad, y conoce la mejor edad para empezar\" \/>\n<meta name=\"robots\" content=\"index, follow, max-snippet:-1, max-image-preview:large, max-video-preview:-1\" \/>\n<link rel=\"canonical\" href=\"https:\/\/breakdance.es\/es\/breakdance-kids\/\" \/>\n<meta property=\"og:locale\" content=\"es_ES\" \/>\n<meta property=\"og:type\" content=\"article\" \/>\n<meta property=\"og:title\" content=\"Breakdance kids - Break Dance\" \/>\n<meta property=\"og:description\" content=\"Breakdance Kids: Descubre c\u00f3mo el baile beneficia a los ni\u00f1os, desde el desarrollo f\u00edsico, la creatividad, y conoce la mejor edad para empezar\" \/>\n<meta property=\"og:url\" content=\"https:\/\/breakdance.es\/es\/breakdance-kids\/\" \/>\n<meta property=\"og:site_name\" content=\"Break Dance\" \/>\n<meta property=\"article:modified_time\" content=\"2025-10-05T23:47:20+00:00\" \/>\n<meta property=\"og:image\" content=\"https:\/\/breakdance.es\/wp-content\/uploads\/2025\/03\/nino-baby-freeze-breakdance-malaga.jpg\" \/>\n\t<meta property=\"og:image:width\" content=\"1400\" \/>\n\t<meta property=\"og:image:height\" content=\"875\" \/>\n\t<meta property=\"og:image:type\" content=\"image\/jpeg\" \/>\n<meta name=\"twitter:card\" content=\"summary_large_image\" \/>\n<meta name=\"twitter:label1\" content=\"Tiempo de lectura\" \/>\n\t<meta name=\"twitter:data1\" content=\"4 minutos\" \/>\n<script type=\"application\/ld+json\" class=\"yoast-schema-graph\">{\"@context\":\"https:\\\/\\\/schema.org\",\"@graph\":[{\"@type\":\"WebPage\",\"@id\":\"https:\\\/\\\/breakdance.es\\\/breakdance-kids\\\/\",\"url\":\"https:\\\/\\\/breakdance.es\\\/breakdance-kids\\\/\",\"name\":\"Breakdance kids - Break Dance\",\"isPartOf\":{\"@id\":\"https:\\\/\\\/breakdance.es\\\/es_es\\\/#website\"},\"primaryImageOfPage\":{\"@id\":\"https:\\\/\\\/breakdance.es\\\/breakdance-kids\\\/#primaryimage\"},\"image\":{\"@id\":\"https:\\\/\\\/breakdance.es\\\/breakdance-kids\\\/#primaryimage\"},\"thumbnailUrl\":\"https:\\\/\\\/breakdance.es\\\/wp-content\\\/uploads\\\/2025\\\/03\\\/nino-baby-freeze-breakdance-malaga-1024x640.jpg\",\"datePublished\":\"2025-03-04T00:17:11+00:00\",\"dateModified\":\"2025-10-05T23:47:20+00:00\",\"description\":\"Breakdance Kids: Descubre c\u00f3mo el baile beneficia a los ni\u00f1os, desde el desarrollo f\u00edsico, la creatividad, y conoce la mejor edad para empezar\",\"breadcrumb\":{\"@id\":\"https:\\\/\\\/breakdance.es\\\/breakdance-kids\\\/#breadcrumb\"},\"inLanguage\":\"es\",\"potentialAction\":[{\"@type\":\"ReadAction\",\"target\":[\"https:\\\/\\\/breakdance.es\\\/breakdance-kids\\\/\"]}]},{\"@type\":\"ImageObject\",\"inLanguage\":\"es\",\"@id\":\"https:\\\/\\\/breakdance.es\\\/breakdance-kids\\\/#primaryimage\",\"url\":\"https:\\\/\\\/breakdance.es\\\/wp-content\\\/uploads\\\/2025\\\/03\\\/nino-baby-freeze-breakdance-malaga-1024x640.jpg\",\"contentUrl\":\"https:\\\/\\\/breakdance.es\\\/wp-content\\\/uploads\\\/2025\\\/03\\\/nino-baby-freeze-breakdance-malaga-1024x640.jpg\"},{\"@type\":\"BreadcrumbList\",\"@id\":\"https:\\\/\\\/breakdance.es\\\/breakdance-kids\\\/#breadcrumb\",\"itemListElement\":[{\"@type\":\"ListItem\",\"position\":1,\"name\":\"Home\",\"item\":\"https:\\\/\\\/breakdance.es\\\/\"},{\"@type\":\"ListItem\",\"position\":2,\"name\":\"Breakdance kids\"}]},{\"@type\":\"WebSite\",\"@id\":\"https:\\\/\\\/breakdance.es\\\/es_es\\\/#website\",\"url\":\"https:\\\/\\\/breakdance.es\\\/es_es\\\/\",\"name\":\"Break Dance\",\"description\":\"Breakdance.es es la primera web en el mundo dedicada 100% al Break Dance, con tutoriales, consejos, competiciones y todo lo que necesitas para aprender y mejorar en este arte.\",\"publisher\":{\"@id\":\"https:\\\/\\\/breakdance.es\\\/es_es\\\/#organization\"},\"potentialAction\":[{\"@type\":\"SearchAction\",\"target\":{\"@type\":\"EntryPoint\",\"urlTemplate\":\"https:\\\/\\\/breakdance.es\\\/es_es\\\/?s={search_term_string}\"},\"query-input\":{\"@type\":\"PropertyValueSpecification\",\"valueRequired\":true,\"valueName\":\"search_term_string\"}}],\"inLanguage\":\"es\"},{\"@type\":\"Organization\",\"@id\":\"https:\\\/\\\/breakdance.es\\\/es_es\\\/#organization\",\"name\":\"Break Dance\",\"url\":\"https:\\\/\\\/breakdance.es\\\/es_es\\\/\",\"logo\":{\"@type\":\"ImageObject\",\"inLanguage\":\"es\",\"@id\":\"https:\\\/\\\/breakdance.es\\\/es_es\\\/#\\\/schema\\\/logo\\\/image\\\/\",\"url\":\"https:\\\/\\\/breakdance.es\\\/wp-content\\\/uploads\\\/2025\\\/03\\\/cropped-breakdance-silueta-bboy.jpeg\",\"contentUrl\":\"https:\\\/\\\/breakdance.es\\\/wp-content\\\/uploads\\\/2025\\\/03\\\/cropped-breakdance-silueta-bboy.jpeg\",\"width\":512,\"height\":512,\"caption\":\"Break Dance\"},\"image\":{\"@id\":\"https:\\\/\\\/breakdance.es\\\/es_es\\\/#\\\/schema\\\/logo\\\/image\\\/\"}}]}<\/script>\n<!-- \/ Yoast SEO plugin. -->","yoast_head_json":{"title":"Breakdance kids - Break Dance","description":"Breakdance Kids: Descubre c\u00f3mo el baile beneficia a los ni\u00f1os, desde el desarrollo f\u00edsico, la creatividad, y conoce la mejor edad para empezar","robots":{"index":"index","follow":"follow","max-snippet":"max-snippet:-1","max-image-preview":"max-image-preview:large","max-video-preview":"max-video-preview:-1"},"canonical":"https:\/\/breakdance.es\/es\/breakdance-kids\/","og_locale":"es_ES","og_type":"article","og_title":"Breakdance kids - Break Dance","og_description":"Breakdance Kids: Descubre c\u00f3mo el baile beneficia a los ni\u00f1os, desde el desarrollo f\u00edsico, la creatividad, y conoce la mejor edad para empezar","og_url":"https:\/\/breakdance.es\/es\/breakdance-kids\/","og_site_name":"Break Dance","article_modified_time":"2025-10-05T23:47:20+00:00","og_image":[{"width":1400,"height":875,"url":"https:\/\/breakdance.es\/wp-content\/uploads\/2025\/03\/nino-baby-freeze-breakdance-malaga.jpg","type":"image\/jpeg"}],"twitter_card":"summary_large_image","twitter_misc":{"Tiempo de lectura":"4 minutos"},"schema":{"@context":"https:\/\/schema.org","@graph":[{"@type":"WebPage","@id":"https:\/\/breakdance.es\/breakdance-kids\/","url":"https:\/\/breakdance.es\/breakdance-kids\/","name":"Breakdance kids - Break Dance","isPartOf":{"@id":"https:\/\/breakdance.es\/es_es\/#website"},"primaryImageOfPage":{"@id":"https:\/\/breakdance.es\/breakdance-kids\/#primaryimage"},"image":{"@id":"https:\/\/breakdance.es\/breakdance-kids\/#primaryimage"},"thumbnailUrl":"https:\/\/breakdance.es\/wp-content\/uploads\/2025\/03\/nino-baby-freeze-breakdance-malaga-1024x640.jpg","datePublished":"2025-03-04T00:17:11+00:00","dateModified":"2025-10-05T23:47:20+00:00","description":"Breakdance Kids: Descubre c\u00f3mo el baile beneficia a los ni\u00f1os, desde el desarrollo f\u00edsico, la creatividad, y conoce la mejor edad para empezar","breadcrumb":{"@id":"https:\/\/breakdance.es\/breakdance-kids\/#breadcrumb"},"inLanguage":"es","potentialAction":[{"@type":"ReadAction","target":["https:\/\/breakdance.es\/breakdance-kids\/"]}]},{"@type":"ImageObject","inLanguage":"es","@id":"https:\/\/breakdance.es\/breakdance-kids\/#primaryimage","url":"https:\/\/breakdance.es\/wp-content\/uploads\/2025\/03\/nino-baby-freeze-breakdance-malaga-1024x640.jpg","contentUrl":"https:\/\/breakdance.es\/wp-content\/uploads\/2025\/03\/nino-baby-freeze-breakdance-malaga-1024x640.jpg"},{"@type":"BreadcrumbList","@id":"https:\/\/breakdance.es\/breakdance-kids\/#breadcrumb","itemListElement":[{"@type":"ListItem","position":1,"name":"Home","item":"https:\/\/breakdance.es\/"},{"@type":"ListItem","position":2,"name":"Breakdance kids"}]},{"@type":"WebSite","@id":"https:\/\/breakdance.es\/es_es\/#website","url":"https:\/\/breakdance.es\/es_es\/","name":"Break Dance","description":"Breakdance.es es la primera web en el mundo dedicada 100% al Break Dance, con tutoriales, consejos, competiciones y todo lo que necesitas para aprender y mejorar en este arte.","publisher":{"@id":"https:\/\/breakdance.es\/es_es\/#organization"},"potentialAction":[{"@type":"SearchAction","target":{"@type":"EntryPoint","urlTemplate":"https:\/\/breakdance.es\/es_es\/?s={search_term_string}"},"query-input":{"@type":"PropertyValueSpecification","valueRequired":true,"valueName":"search_term_string"}}],"inLanguage":"es"},{"@type":"Organization","@id":"https:\/\/breakdance.es\/es_es\/#organization","name":"Break Dance","url":"https:\/\/breakdance.es\/es_es\/","logo":{"@type":"ImageObject","inLanguage":"es","@id":"https:\/\/breakdance.es\/es_es\/#\/schema\/logo\/image\/","url":"https:\/\/breakdance.es\/wp-content\/uploads\/2025\/03\/cropped-breakdance-silueta-bboy.jpeg","contentUrl":"https:\/\/breakdance.es\/wp-content\/uploads\/2025\/03\/cropped-breakdance-silueta-bboy.jpeg","width":512,"height":512,"caption":"Break Dance"},"image":{"@id":"https:\/\/breakdance.es\/es_es\/#\/schema\/logo\/image\/"}}]}},"_links":{"self":[{"href":"https:\/\/breakdance.es\/es\/wp-json\/wp\/v2\/pages\/258","targetHints":{"allow":["GET"]}}],"collection":[{"href":"https:\/\/breakdance.es\/es\/wp-json\/wp\/v2\/pages"}],"about":[{"href":"https:\/\/breakdance.es\/es\/wp-json\/wp\/v2\/types\/page"}],"author":[{"embeddable":true,"href":"https:\/\/breakdance.es\/es\/wp-json\/wp\/v2\/users\/1"}],"replies":[{"embeddable":true,"href":"https:\/\/breakdance.es\/es\/wp-json\/wp\/v2\/comments?post=258"}],"version-history":[{"count":22,"href":"https:\/\/breakdance.es\/es\/wp-json\/wp\/v2\/pages\/258\/revisions"}],"predecessor-version":[{"id":868,"href":"https:\/\/breakdance.es\/es\/wp-json\/wp\/v2\/pages\/258\/revisions\/868"}],"wp:attachment":[{"href":"https:\/\/breakdance.es\/es\/wp-json\/wp\/v2\/media?parent=258"}],"curies":[{"name":"wp","href":"https:\/\/api.w.org\/{rel}","templated":true}]}}