{"id":14,"date":"2025-02-27T14:20:31","date_gmt":"2025-02-27T14:20:31","guid":{"rendered":"https:\/\/breakdance.es\/classes-page\/"},"modified":"2025-10-05T23:49:01","modified_gmt":"2025-10-05T23:49:01","slug":"comenzar-a-bailar-break-dance","status":"publish","type":"page","link":"https:\/\/breakdance.es\/es\/comenzar-a-bailar-break-dance\/","title":{"rendered":"Como comenzar a bailar Break dance"},"content":{"rendered":"\n<h1 class=\"wp-block-heading has-text-align-center has-huge-font-size\">Como comenzar a bailar Break Dance<\/h1>\n\n\n\n<p class=\"has-text-align-center\">\u00bfQuieres saber como comenzar a bailar break dance? Descubre los fundamentos del breaking, aprende movimientos b\u00e1sicos como los Toprocks, Footworks, Freezers o Power Moves. Empieza a desarrollar tu estilo con esta gu\u00eda pr\u00e1ctica.<\/p>\n\n\n\n<div class=\"wp-block-media-text alignwide is-stacked-on-mobile\"><figure class=\"wp-block-media-text__media\"><a href=\"https:\/\/breakdance.es\/5-pasos-para-bailar-break-dance\/\"><img loading=\"lazy\" decoding=\"async\" width=\"1024\" height=\"576\" src=\"https:\/\/breakdance.es\/wp-content\/uploads\/2025\/03\/5-pasos-tutoriales-de-breakdance-1024x576.jpeg\" alt=\"Chaval ense\u00f1ando un baby freeze con otros pasos de breakdance difuminados alrededor de la imagen.\" class=\"wp-image-903 size-full\" srcset=\"https:\/\/breakdance.es\/wp-content\/uploads\/2025\/03\/5-pasos-tutoriales-de-breakdance-1024x576.jpeg 1024w, https:\/\/breakdance.es\/wp-content\/uploads\/2025\/03\/5-pasos-tutoriales-de-breakdance-300x169.jpeg 300w, https:\/\/breakdance.es\/wp-content\/uploads\/2025\/03\/5-pasos-tutoriales-de-breakdance-768x432.jpeg 768w, https:\/\/breakdance.es\/wp-content\/uploads\/2025\/03\/5-pasos-tutoriales-de-breakdance.jpeg 1280w\" sizes=\"auto, (max-width: 1024px) 100vw, 1024px\" \/><\/a><\/figure><div class=\"wp-block-media-text__content\">\n<h6 class=\"wp-block-heading\"><a href=\"https:\/\/breakdance.es\/5-pasos-para-bailar-break-dance\/\">Los 5 pasos para empezar a bailar break dance<\/a><\/h6>\n\n\n\n<p>Aqu\u00ed te explicamos los 5 pasos fundamentales para aprender a bailar break dance desde cero. Breakdance o Breaking es una de las danzas urbanas m\u00e1s populares y emocionantes del mundo. Si est\u00e1s buscando c\u00f3mo empezar a bailar Breakdance desde cero, este art\u00edculo es para ti. A continuaci\u00f3n, descubrir\u00e1s los los errores comunes que debes evitar y c\u00f3mo poner en pr\u00e1ctica estos movimientos b\u00e1sicos. Adem\u00e1s, con la pr\u00e1ctica constante, podr\u00e1s desarrollar tu estilo y alcanzar un nivel avanzado. Si quieres conocer los pasos detallados, visita nuestra gu\u00eda completa <a href=\"https:\/\/breakdance.es\/5-pasos-para-bailar-break-dance\/\">aqu\u00ed.<\/a><\/p>\n<\/div><\/div>\n\n\n\n<div class=\"wp-block-media-text alignwide has-media-on-the-right is-stacked-on-mobile\"><div class=\"wp-block-media-text__content\">\n<p><\/p>\n\n\n\n<h6 class=\"wp-block-heading\"><a href=\"https:\/\/breakdance.es\/errores-comunes-al-empezar-a-bailar-break-dance-y-como-evitarlos\/\">Errores comunes al empezar a bailar break dance y como evitarlos<\/a><\/h6>\n\n\n\n<p>Conocer estos&nbsp;errores comunes al empezar a bailar break dance&nbsp;y c\u00f3mo evitarlos es clave para mejorar r\u00e1pidamente y avanzar en tus habilidades. Seguro que has experimentado la emoci\u00f3n de aprender nuevos movimientos y superarte a ti mismo. Sin embargo, como ocurre con cualquier disciplina, es f\u00e1cil caer en algunos fallos que pueden frenar tu progreso o incluso llevar a lesiones. Si quieres conocer los pasos detallados, visita nuestra gu\u00eda completa <a href=\"https:\/\/breakdance.es\/errores-comunes-al-empezar-a-bailar-break-dance-y-como-evitarlos\/\">aqu\u00ed!<\/a><\/p>\n<\/div><figure class=\"wp-block-media-text__media\"><a href=\"https:\/\/breakdance.es\/errores-comunes-al-empezar-a-bailar-break-dance-y-como-evitarlos\/\"><img loading=\"lazy\" decoding=\"async\" width=\"1024\" height=\"728\" src=\"https:\/\/breakdance.es\/wp-content\/uploads\/2025\/03\/Bgirl-frontflip-breakdance-1024x728.webp\" alt=\"Bgirl realizando una voltereta hacia adelante en un campeonato de breakdance, con la postura en el aire antes de aterrizar, mostrando incertidumbre en la ca\u00edda.\" class=\"wp-image-905 size-full\" srcset=\"https:\/\/breakdance.es\/wp-content\/uploads\/2025\/03\/Bgirl-frontflip-breakdance-1024x728.webp 1024w, https:\/\/breakdance.es\/wp-content\/uploads\/2025\/03\/Bgirl-frontflip-breakdance-300x213.webp 300w, https:\/\/breakdance.es\/wp-content\/uploads\/2025\/03\/Bgirl-frontflip-breakdance-768x546.webp 768w, https:\/\/breakdance.es\/wp-content\/uploads\/2025\/03\/Bgirl-frontflip-breakdance-1536x1092.webp 1536w, https:\/\/breakdance.es\/wp-content\/uploads\/2025\/03\/Bgirl-frontflip-breakdance-2048x1456.webp 2048w\" sizes=\"auto, (max-width: 1024px) 100vw, 1024px\" \/><\/a><\/figure><\/div>\n\n\n\n<div class=\"wp-block-media-text alignwide is-stacked-on-mobile\"><figure class=\"wp-block-media-text__media\"><a href=\"https:\/\/breakdance.es\/como-entrenar-break-dance-casa\/\"><img loading=\"lazy\" decoding=\"async\" width=\"1024\" height=\"794\" src=\"https:\/\/breakdance.es\/wp-content\/uploads\/2025\/03\/entrenamiento-breakdance-en-casa-1024x794.jpeg\" alt=\"Chico haciendo un freeze de breakdance en el sal\u00f3n de su casa con un suelo especial para bailar, televisi\u00f3n y ventana de fondo.\" class=\"wp-image-908 size-full\" srcset=\"https:\/\/breakdance.es\/wp-content\/uploads\/2025\/03\/entrenamiento-breakdance-en-casa-1024x794.jpeg 1024w, https:\/\/breakdance.es\/wp-content\/uploads\/2025\/03\/entrenamiento-breakdance-en-casa-300x233.jpeg 300w, https:\/\/breakdance.es\/wp-content\/uploads\/2025\/03\/entrenamiento-breakdance-en-casa-768x595.jpeg 768w, https:\/\/breakdance.es\/wp-content\/uploads\/2025\/03\/entrenamiento-breakdance-en-casa.jpeg 1290w\" sizes=\"auto, (max-width: 1024px) 100vw, 1024px\" \/><\/a><\/figure><div class=\"wp-block-media-text__content\">\n<h6 class=\"wp-block-heading\"><a href=\"https:\/\/breakdance.es\/como-entrenar-break-dance-casa\/\">C\u00f3mo entrenar break dance en casa: Gu\u00eda para empezar a bailar sin equipo<\/a><\/h6>\n\n\n\n<p>Si quieres saber como entrenar break dance en casa sin equipo aqu\u00ed te lo explicamos. El Breaking es una de las disciplinas m\u00e1s din\u00e1micas y exigentes dentro de la cultura hip-hop. A simple vista, puede parecer un baile que requiere un gimnasio o equipo especializado, pero la realidad es que puedes empezar a entrenar desde cero en casa sin necesidad de equipamiento solo con ganas y esfuerzo. Si quieres conocer los pasos detallados, visita nuestra gu\u00eda completa <a href=\"https:\/\/breakdance.es\/como-entrenar-break-dance-casa\/\">aqu\u00ed!<\/a><\/p>\n<\/div><\/div>\n\n\n\n<div class=\"wp-block-media-text alignwide has-media-on-the-right is-stacked-on-mobile\"><div class=\"wp-block-media-text__content\">\n<p><\/p>\n\n\n\n<h6 class=\"wp-block-heading\"><a href=\"https:\/\/breakdance.es\/importancia-disciplina-break-dance\/\">La importancia de la disciplina y la constancia en el break dance<\/a><\/h6>\n\n\n\n<p>El Breaking, es una disciplina que no solo exige habilidades f\u00edsicas, sino tambi\u00e9n una mentalidad fuerte, enfocada y perseverante. A lo largo de tu viaje en el Breakdance, la disciplina y la constancia son dos factores clave que te ayudar\u00e1n a superar los desaf\u00edos, aprender nuevas t\u00e9cnicas y, finalmente, alcanzar el nivel de habilidad que deseas. En este art\u00edculo, exploraremos por qu\u00e9 estos elementos son esenciales para cualquier Bboy o Bgirl, desde los principiantes hasta los profesionales. Si quieres conocer los pasos detallados, visita nuestra gu\u00eda completa <a href=\"https:\/\/breakdance.es\/importancia-disciplina-break-dance\/\">aqu\u00ed!<\/a><\/p>\n<\/div><figure class=\"wp-block-media-text__media\"><a href=\"https:\/\/breakdance.es\/importancia-disciplina-break-dance\/\"><img loading=\"lazy\" decoding=\"async\" width=\"999\" height=\"666\" src=\"https:\/\/breakdance.es\/wp-content\/uploads\/2025\/03\/China-equipo-nacional-breakdance.png\" alt=\"El equipo nacional de breakdance de China sentado en un sal\u00f3n de actos, rodeados por estudiantes y p\u00fablico, durante un acto sobre la importancia de la disciplina.\" class=\"wp-image-910 size-full\" srcset=\"https:\/\/breakdance.es\/wp-content\/uploads\/2025\/03\/China-equipo-nacional-breakdance.png 999w, https:\/\/breakdance.es\/wp-content\/uploads\/2025\/03\/China-equipo-nacional-breakdance-300x200.png 300w, https:\/\/breakdance.es\/wp-content\/uploads\/2025\/03\/China-equipo-nacional-breakdance-768x512.png 768w\" sizes=\"auto, (max-width: 999px) 100vw, 999px\" \/><\/a><\/figure><\/div>\n\n\n\n<div class=\"wp-block-media-text alignwide is-stacked-on-mobile\"><figure class=\"wp-block-media-text__media\"><a href=\"https:\/\/breakdance.es\/10-movimientos-basicos-breakdance-principiantes\/\"><img loading=\"lazy\" decoding=\"async\" width=\"686\" height=\"386\" src=\"https:\/\/breakdance.es\/wp-content\/uploads\/2025\/03\/10-pasos-facils-de-footworks-breakdance.jpeg\" alt=\"Chico realizando un footwork de breakdance con un texto de pasos f\u00e1ciles de breakdance&quot; superpuesto.\" class=\"wp-image-912 size-full\" srcset=\"https:\/\/breakdance.es\/wp-content\/uploads\/2025\/03\/10-pasos-facils-de-footworks-breakdance.jpeg 686w, https:\/\/breakdance.es\/wp-content\/uploads\/2025\/03\/10-pasos-facils-de-footworks-breakdance-300x169.jpeg 300w\" sizes=\"auto, (max-width: 686px) 100vw, 686px\" \/><\/a><\/figure><div class=\"wp-block-media-text__content\">\n<h6 class=\"wp-block-heading\"><a href=\"https:\/\/breakdance.es\/10-movimientos-basicos-breakdance-principiantes\/\">10 movimientos b\u00e1sicos de breakdance que todo principiante debe aprender<\/a><\/h6>\n\n\n\n<p>El Breakdance, tambi\u00e9n conocido como Breaking es una de las danzas urbanas m\u00e1s impresionantes y emocionantes. Si est\u00e1s empezando en este mundo, es normal sentirse un poco abrumado por la cantidad de movimientos y t\u00e9cnicas que existen. Sin embargo, antes de saltar a los trucos m\u00e1s complejos, es crucial dominar los movimientos b\u00e1sicos que forman la base de todo lo que aprender\u00e1s. Si quieres conocer los pasos detallados, visita nuestra gu\u00eda completa <a href=\"https:\/\/breakdance.es\/10-movimientos-basicos-breakdance-principiantes\/\">aqu\u00ed!<\/a><\/p>\n<\/div><\/div>\n\n\n\n<p><strong>\u00bfListo para empezar tu viaje en el breaking?<\/strong><\/p>\n\n\n\n<p>No esperes m\u00e1s para comenzar a bailar. Da el primer paso hoy mismo y comienza a practicar poco a poco. Si tienes alguna pregunta o necesitas m\u00e1s orientaci\u00f3n o informaci\u00f3n, \u00a1no dudes en dejarnos un comentario abajo! o enviarnos un email. Tambi\u00e9n, puedes unirte a nuestras clases y seguirnos en redes sociales para m\u00e1s tips, tutoriales y motivaci\u00f3n en nuestro club y escuela de Break Dance. \u00a1Es hora de ponerte en movimiento!<\/p>\n\n\n\n<p><strong>\u00a1Te esperamos!<\/strong><\/p>\n\n\n\n<p><\/p>\n","protected":false},"excerpt":{"rendered":"<p>Como comenzar a bailar Break Dance \u00bfQuieres saber como comenzar a bailar break dance? Descubre los fundamentos del breaking, aprende movimientos b\u00e1sicos como los Toprocks, Footworks, Freezers o Power Moves. Empieza a desarrollar tu estilo con esta gu\u00eda pr\u00e1ctica. Los 5 pasos para empezar a bailar break dance Aqu\u00ed te explicamos los 5 pasos fundamentales [&hellip;]<\/p>\n","protected":false},"author":1,"featured_media":0,"parent":0,"menu_order":0,"comment_status":"open","ping_status":"closed","template":"","meta":{"_coblocks_attr":"","_coblocks_dimensions":"","_coblocks_responsive_height":"","_coblocks_accordion_ie_support":"","hide_page_title":"","footnotes":""},"class_list":["post-14","page","type-page","status-publish","hentry"],"yoast_head":"<!-- This site is optimized with the Yoast SEO plugin v27.5 - https:\/\/yoast.com\/product\/yoast-seo-wordpress\/ -->\n<title>Como comenzar a bailar Break dance - Break Dance<\/title>\n<meta name=\"description\" content=\"Descubre c\u00f3mo empezar a bailar Break Dance desde cero. Aprende los movimientos b\u00e1sicos, evita errores comunes y sigue una gu\u00eda paso a paso!\" \/>\n<meta name=\"robots\" content=\"index, follow, max-snippet:-1, max-image-preview:large, max-video-preview:-1\" \/>\n<link rel=\"canonical\" href=\"https:\/\/breakdance.es\/es\/comenzar-a-bailar-break-dance\/\" \/>\n<meta property=\"og:locale\" content=\"es_ES\" \/>\n<meta property=\"og:type\" content=\"article\" \/>\n<meta property=\"og:title\" content=\"Como comenzar a bailar Break dance - Break Dance\" \/>\n<meta property=\"og:description\" content=\"Descubre c\u00f3mo empezar a bailar Break Dance desde cero. Aprende los movimientos b\u00e1sicos, evita errores comunes y sigue una gu\u00eda paso a paso!\" \/>\n<meta property=\"og:url\" content=\"https:\/\/breakdance.es\/es\/comenzar-a-bailar-break-dance\/\" \/>\n<meta property=\"og:site_name\" content=\"Break Dance\" \/>\n<meta property=\"article:modified_time\" content=\"2025-10-05T23:49:01+00:00\" \/>\n<meta property=\"og:image\" content=\"https:\/\/breakdance.es\/wp-content\/uploads\/2025\/03\/5-pasos-tutoriales-de-breakdance.jpeg\" \/>\n\t<meta property=\"og:image:width\" content=\"1280\" \/>\n\t<meta property=\"og:image:height\" content=\"720\" \/>\n\t<meta property=\"og:image:type\" content=\"image\/jpeg\" \/>\n<meta name=\"twitter:card\" content=\"summary_large_image\" \/>\n<meta name=\"twitter:label1\" content=\"Tiempo de lectura\" \/>\n\t<meta name=\"twitter:data1\" content=\"4 minutos\" \/>\n<script type=\"application\/ld+json\" class=\"yoast-schema-graph\">{\"@context\":\"https:\\\/\\\/schema.org\",\"@graph\":[{\"@type\":\"WebPage\",\"@id\":\"https:\\\/\\\/breakdance.es\\\/comenzar-a-bailar-break-dance\\\/\",\"url\":\"https:\\\/\\\/breakdance.es\\\/comenzar-a-bailar-break-dance\\\/\",\"name\":\"Como comenzar a bailar Break dance - Break Dance\",\"isPartOf\":{\"@id\":\"https:\\\/\\\/breakdance.es\\\/es_es\\\/#website\"},\"primaryImageOfPage\":{\"@id\":\"https:\\\/\\\/breakdance.es\\\/comenzar-a-bailar-break-dance\\\/#primaryimage\"},\"image\":{\"@id\":\"https:\\\/\\\/breakdance.es\\\/comenzar-a-bailar-break-dance\\\/#primaryimage\"},\"thumbnailUrl\":\"https:\\\/\\\/breakdance.es\\\/wp-content\\\/uploads\\\/2025\\\/03\\\/5-pasos-tutoriales-de-breakdance-1024x576.jpeg\",\"datePublished\":\"2025-02-27T14:20:31+00:00\",\"dateModified\":\"2025-10-05T23:49:01+00:00\",\"description\":\"Descubre c\u00f3mo empezar a bailar Break Dance desde cero. Aprende los movimientos b\u00e1sicos, evita errores comunes y sigue una gu\u00eda paso a paso!\",\"breadcrumb\":{\"@id\":\"https:\\\/\\\/breakdance.es\\\/comenzar-a-bailar-break-dance\\\/#breadcrumb\"},\"inLanguage\":\"es\",\"potentialAction\":[{\"@type\":\"ReadAction\",\"target\":[\"https:\\\/\\\/breakdance.es\\\/comenzar-a-bailar-break-dance\\\/\"]}]},{\"@type\":\"ImageObject\",\"inLanguage\":\"es\",\"@id\":\"https:\\\/\\\/breakdance.es\\\/comenzar-a-bailar-break-dance\\\/#primaryimage\",\"url\":\"https:\\\/\\\/breakdance.es\\\/wp-content\\\/uploads\\\/2025\\\/03\\\/5-pasos-tutoriales-de-breakdance-1024x576.jpeg\",\"contentUrl\":\"https:\\\/\\\/breakdance.es\\\/wp-content\\\/uploads\\\/2025\\\/03\\\/5-pasos-tutoriales-de-breakdance-1024x576.jpeg\"},{\"@type\":\"BreadcrumbList\",\"@id\":\"https:\\\/\\\/breakdance.es\\\/comenzar-a-bailar-break-dance\\\/#breadcrumb\",\"itemListElement\":[{\"@type\":\"ListItem\",\"position\":1,\"name\":\"Home\",\"item\":\"https:\\\/\\\/breakdance.es\\\/\"},{\"@type\":\"ListItem\",\"position\":2,\"name\":\"Como comenzar a bailar Break dance\"}]},{\"@type\":\"WebSite\",\"@id\":\"https:\\\/\\\/breakdance.es\\\/es_es\\\/#website\",\"url\":\"https:\\\/\\\/breakdance.es\\\/es_es\\\/\",\"name\":\"Break Dance\",\"description\":\"Breakdance.es es la primera web en el mundo dedicada 100% al Break Dance, con tutoriales, consejos, competiciones y todo lo que necesitas para aprender y mejorar en este arte.\",\"publisher\":{\"@id\":\"https:\\\/\\\/breakdance.es\\\/es_es\\\/#organization\"},\"potentialAction\":[{\"@type\":\"SearchAction\",\"target\":{\"@type\":\"EntryPoint\",\"urlTemplate\":\"https:\\\/\\\/breakdance.es\\\/es_es\\\/?s={search_term_string}\"},\"query-input\":{\"@type\":\"PropertyValueSpecification\",\"valueRequired\":true,\"valueName\":\"search_term_string\"}}],\"inLanguage\":\"es\"},{\"@type\":\"Organization\",\"@id\":\"https:\\\/\\\/breakdance.es\\\/es_es\\\/#organization\",\"name\":\"Break Dance\",\"url\":\"https:\\\/\\\/breakdance.es\\\/es_es\\\/\",\"logo\":{\"@type\":\"ImageObject\",\"inLanguage\":\"es\",\"@id\":\"https:\\\/\\\/breakdance.es\\\/es_es\\\/#\\\/schema\\\/logo\\\/image\\\/\",\"url\":\"https:\\\/\\\/breakdance.es\\\/wp-content\\\/uploads\\\/2025\\\/03\\\/cropped-breakdance-silueta-bboy.jpeg\",\"contentUrl\":\"https:\\\/\\\/breakdance.es\\\/wp-content\\\/uploads\\\/2025\\\/03\\\/cropped-breakdance-silueta-bboy.jpeg\",\"width\":512,\"height\":512,\"caption\":\"Break Dance\"},\"image\":{\"@id\":\"https:\\\/\\\/breakdance.es\\\/es_es\\\/#\\\/schema\\\/logo\\\/image\\\/\"}}]}<\/script>\n<!-- \/ Yoast SEO plugin. -->","yoast_head_json":{"title":"Como comenzar a bailar Break dance - Break Dance","description":"Descubre c\u00f3mo empezar a bailar Break Dance desde cero. Aprende los movimientos b\u00e1sicos, evita errores comunes y sigue una gu\u00eda paso a paso!","robots":{"index":"index","follow":"follow","max-snippet":"max-snippet:-1","max-image-preview":"max-image-preview:large","max-video-preview":"max-video-preview:-1"},"canonical":"https:\/\/breakdance.es\/es\/comenzar-a-bailar-break-dance\/","og_locale":"es_ES","og_type":"article","og_title":"Como comenzar a bailar Break dance - Break Dance","og_description":"Descubre c\u00f3mo empezar a bailar Break Dance desde cero. Aprende los movimientos b\u00e1sicos, evita errores comunes y sigue una gu\u00eda paso a paso!","og_url":"https:\/\/breakdance.es\/es\/comenzar-a-bailar-break-dance\/","og_site_name":"Break Dance","article_modified_time":"2025-10-05T23:49:01+00:00","og_image":[{"width":1280,"height":720,"url":"https:\/\/breakdance.es\/wp-content\/uploads\/2025\/03\/5-pasos-tutoriales-de-breakdance.jpeg","type":"image\/jpeg"}],"twitter_card":"summary_large_image","twitter_misc":{"Tiempo de lectura":"4 minutos"},"schema":{"@context":"https:\/\/schema.org","@graph":[{"@type":"WebPage","@id":"https:\/\/breakdance.es\/comenzar-a-bailar-break-dance\/","url":"https:\/\/breakdance.es\/comenzar-a-bailar-break-dance\/","name":"Como comenzar a bailar Break dance - Break Dance","isPartOf":{"@id":"https:\/\/breakdance.es\/es_es\/#website"},"primaryImageOfPage":{"@id":"https:\/\/breakdance.es\/comenzar-a-bailar-break-dance\/#primaryimage"},"image":{"@id":"https:\/\/breakdance.es\/comenzar-a-bailar-break-dance\/#primaryimage"},"thumbnailUrl":"https:\/\/breakdance.es\/wp-content\/uploads\/2025\/03\/5-pasos-tutoriales-de-breakdance-1024x576.jpeg","datePublished":"2025-02-27T14:20:31+00:00","dateModified":"2025-10-05T23:49:01+00:00","description":"Descubre c\u00f3mo empezar a bailar Break Dance desde cero. Aprende los movimientos b\u00e1sicos, evita errores comunes y sigue una gu\u00eda paso a paso!","breadcrumb":{"@id":"https:\/\/breakdance.es\/comenzar-a-bailar-break-dance\/#breadcrumb"},"inLanguage":"es","potentialAction":[{"@type":"ReadAction","target":["https:\/\/breakdance.es\/comenzar-a-bailar-break-dance\/"]}]},{"@type":"ImageObject","inLanguage":"es","@id":"https:\/\/breakdance.es\/comenzar-a-bailar-break-dance\/#primaryimage","url":"https:\/\/breakdance.es\/wp-content\/uploads\/2025\/03\/5-pasos-tutoriales-de-breakdance-1024x576.jpeg","contentUrl":"https:\/\/breakdance.es\/wp-content\/uploads\/2025\/03\/5-pasos-tutoriales-de-breakdance-1024x576.jpeg"},{"@type":"BreadcrumbList","@id":"https:\/\/breakdance.es\/comenzar-a-bailar-break-dance\/#breadcrumb","itemListElement":[{"@type":"ListItem","position":1,"name":"Home","item":"https:\/\/breakdance.es\/"},{"@type":"ListItem","position":2,"name":"Como comenzar a bailar Break dance"}]},{"@type":"WebSite","@id":"https:\/\/breakdance.es\/es_es\/#website","url":"https:\/\/breakdance.es\/es_es\/","name":"Break Dance","description":"Breakdance.es es la primera web en el mundo dedicada 100% al Break Dance, con tutoriales, consejos, competiciones y todo lo que necesitas para aprender y mejorar en este arte.","publisher":{"@id":"https:\/\/breakdance.es\/es_es\/#organization"},"potentialAction":[{"@type":"SearchAction","target":{"@type":"EntryPoint","urlTemplate":"https:\/\/breakdance.es\/es_es\/?s={search_term_string}"},"query-input":{"@type":"PropertyValueSpecification","valueRequired":true,"valueName":"search_term_string"}}],"inLanguage":"es"},{"@type":"Organization","@id":"https:\/\/breakdance.es\/es_es\/#organization","name":"Break Dance","url":"https:\/\/breakdance.es\/es_es\/","logo":{"@type":"ImageObject","inLanguage":"es","@id":"https:\/\/breakdance.es\/es_es\/#\/schema\/logo\/image\/","url":"https:\/\/breakdance.es\/wp-content\/uploads\/2025\/03\/cropped-breakdance-silueta-bboy.jpeg","contentUrl":"https:\/\/breakdance.es\/wp-content\/uploads\/2025\/03\/cropped-breakdance-silueta-bboy.jpeg","width":512,"height":512,"caption":"Break Dance"},"image":{"@id":"https:\/\/breakdance.es\/es_es\/#\/schema\/logo\/image\/"}}]}},"_links":{"self":[{"href":"https:\/\/breakdance.es\/es\/wp-json\/wp\/v2\/pages\/14","targetHints":{"allow":["GET"]}}],"collection":[{"href":"https:\/\/breakdance.es\/es\/wp-json\/wp\/v2\/pages"}],"about":[{"href":"https:\/\/breakdance.es\/es\/wp-json\/wp\/v2\/types\/page"}],"author":[{"embeddable":true,"href":"https:\/\/breakdance.es\/es\/wp-json\/wp\/v2\/users\/1"}],"replies":[{"embeddable":true,"href":"https:\/\/breakdance.es\/es\/wp-json\/wp\/v2\/comments?post=14"}],"version-history":[{"count":34,"href":"https:\/\/breakdance.es\/es\/wp-json\/wp\/v2\/pages\/14\/revisions"}],"predecessor-version":[{"id":913,"href":"https:\/\/breakdance.es\/es\/wp-json\/wp\/v2\/pages\/14\/revisions\/913"}],"wp:attachment":[{"href":"https:\/\/breakdance.es\/es\/wp-json\/wp\/v2\/media?parent=14"}],"curies":[{"name":"wp","href":"https:\/\/api.w.org\/{rel}","templated":true}]}}