{"id":57,"date":"2025-02-28T15:51:42","date_gmt":"2025-02-28T15:51:42","guid":{"rendered":"https:\/\/breakdance.es\/?page_id=57"},"modified":"2025-10-05T23:47:19","modified_gmt":"2025-10-05T23:47:19","slug":"5-pasos-para-bailar-break-dance","status":"publish","type":"page","link":"https:\/\/breakdance.es\/en\/5-pasos-para-bailar-break-dance\/","title":{"rendered":"5 pasos para empezar a bailar break dance"},"content":{"rendered":"<p class=\"has-medium-font-size\"><strong>5 pasos para empezar a bailar break dance<\/strong><\/p>\n\n\n\n<p>Aqu\u00ed te<strong> explicamos<\/strong> los 5 pasos fundamentales para aprender a bailar break dance desde cero. Breakdance o Breaking es una de las danzas urbanas m\u00e1s populares y emocionantes del mundo. Si est\u00e1s buscando c\u00f3mo empezar a bailar Breakdance desde cero, este art\u00edculo es para ti. A continuaci\u00f3n, descubrir\u00e1s los los errores comunes que debes evitar y c\u00f3mo poner en pr\u00e1ctica estos movimientos b\u00e1sicos. Adem\u00e1s, con la pr\u00e1ctica constante, podr\u00e1s desarrollar tu estilo y alcanzar un nivel avanzado.<\/p>\n\n\n\n<figure class=\"wp-block-embed is-type-video is-provider-youtube wp-block-embed-youtube wp-embed-aspect-16-9 wp-has-aspect-ratio\"><div class=\"wp-block-embed__wrapper\">\n<iframe loading=\"lazy\" title=\"5 BEGINNER BREAKDANCE MOVES TUTORIAL #shorts #breakdance #dancetutorial\" width=\"660\" height=\"371\" src=\"https:\/\/www.youtube.com\/embed\/qg4wwpwDh98?feature=oembed\" frameborder=\"0\" allow=\"accelerometer; autoplay; clipboard-write; encrypted-media; gyroscope; picture-in-picture; web-share\" referrerpolicy=\"strict-origin-when-cross-origin\" allowfullscreen><\/iframe>\n<\/div><\/figure>\n\n\n\n<p><strong>1. Preparaci\u00f3n f\u00edsica b\u00e1sica: Condici\u00f3n y fuerza<\/strong><\/p>\n\n\n\n<p><\/p>\n\n\n\n<p>Antes de lanzarte a hacer los primeros movimientos de Breakdance, es importante que prepares tu cuerpo. El Breakdance requiere fuerza, flexibilidad, agilidad y resistencia, por lo que empezar con una base f\u00edsica adecuada es fundamental para poder empezar a ver resultados pronto.<\/p>\n\n\n\n<p><\/p>\n\n\n\n<p><strong>\u00bfPor qu\u00e9 es importante la preparaci\u00f3n f\u00edsica?<\/strong><\/p>\n\n\n\n<p><\/p>\n\n\n\n<p>En Breakdance, los movimientos como los giros, los freezes, las acrobacias o los power moves requieren de fuerza en el core (abdomen y espalda baja) resistencia en los brazos y una buena flexibilidad en las piernas y hombros. Sin una buena preparaci\u00f3n f\u00edsica, podr\u00edas enfrentarte a lesiones o a una falta de control durante los movimientos pero lo m\u00e1s importante que sin esta preparaci\u00f3n podr\u00edas tardad mucho m\u00e1s tiempo en aprender a bailar.&nbsp;<\/p>\n\n\n\n<p><\/p>\n\n\n\n<p><strong>Consejos para mejorar tu preparaci\u00f3n f\u00edsica:<\/strong><\/p>\n\n\n\n<p><\/p>\n\n\n\n<ul class=\"wp-block-list\">\n<li>Haz ejercicios de flexibilidad: Si\u00e9ntate y estira tus piernas, brazos, espalda y cuello para tener una mayor amplitud de movimiento. <\/li>\n\n\n\n<li>Fortalece tu core: Realiza ejercicios como planchas, abdominales y elevaciones de piernas para mejorar tu estabilidad.<\/li>\n\n\n\n<li>Entrena tus brazos y hombros: Flexiones y otros ejercicios de fuerza te ayudar\u00e1n a ganar la fuerza necesaria para realizar movimientos de apoyo iniciales<\/li>\n<\/ul>\n\n\n\n<ul class=\"wp-block-list\">\n<li>Lo recomendable es hacer una sesi\u00f3n de ejercicios de fuerza b\u00e1sicos cada d\u00eda antes de cada entrenamiento para ir poni\u00e9ndote en forma e ir prepar\u00e1ndo el cuerpo para los movimientos.<\/li>\n<\/ul>\n\n\n\n<p><strong>2. Aprender los movimientos b\u00e1sicos del Breakdance<\/strong><\/p>\n\n\n\n<p><\/p>\n\n\n\n<p>En el paso n\u00famero 2, aprender\u00e1s c\u00f3mo dominar los movimientos b\u00e1sicos&nbsp;para mejorar tu t\u00e9cnica una vez que tu cuerpo est\u00e9 listo. Estos movimientos son las bases sobre los que construir\u00e1s tus futuras rutinas y movimientos.<\/p>\n\n\n\n<p><\/p>\n\n\n\n<p><strong>&nbsp;Los 3 movimientos b\u00e1sicos que debes aprender:<\/strong><\/p>\n\n\n\n<p><\/p>\n\n\n\n<ul class=\"wp-block-list\">\n<li><strong>Toprock:<\/strong> Es el movimiento de entrada en el Breakdance, realizado de pie. Consiste en una serie de pasos y giros de baile marcando el ritmo de la m\u00fasica que todo Bboy o Bgirl realizan antes de hacer su ronda.<\/li>\n\n\n\n<li><strong>Footwork:<\/strong> Este es el trabajo de pies y manos realizado en el suelo. Aqu\u00ed es donde se gana fluidez, velocidad, pausas y tambi\u00e9n lo puedes hacer al ritmo de la m\u00fasica. &nbsp;<\/li>\n\n\n\n<li><strong>Freezers: <\/strong>Estos son los movimientos de \u201ccongelaci\u00f3n\u201d donde el bailar\u00edn o bailarina de Breaking se detienen en una postura en equilibrio, destacando la fuerza, el control y la t\u00e9cnica del cuerpo. &nbsp;<\/li>\n<\/ul>\n\n\n\n<p><strong>Consejos para aprender estos movimientos:<\/strong><\/p>\n\n\n\n<p><\/p>\n\n\n\n<ul class=\"wp-block-list\">\n<li>Practica con m\u00fasica: A medida que aprendas los pasos b\u00e1sicos bailando al ritmo de la m\u00fasica para desarrollar tu coordinaci\u00f3n puedes empezar a crear tus propias coreograf\u00edas con diferentes movimientos.<\/li>\n<\/ul>\n\n\n\n<p><\/p>\n\n\n\n<ul class=\"wp-block-list\">\n<li><strong>Hazlo lento al principio:<\/strong> La precisi\u00f3n, la t\u00e9cnica y la comprensi\u00f3n es m\u00e1s importante que la velocidad al comenzar. Practica los movimientos a un ritmo lento para dominar cada t\u00e9cnica y entender como realizar el movimiento.<\/li>\n<\/ul>\n\n\n\n<p><strong>3. La importancia de la m\u00fasica y el ritmo<\/strong><\/p>\n\n\n\n<p><\/p>\n\n\n\n<p><strong>La m\u00fasica<\/strong> es la base del Breakdance. Para ser un buen Bboy o Bgirl, necesitas sentir la m\u00fasica, entender su ritmo y adaptarte a ella ya sea en los entrenamientos o competiciones. El Breaking se basa en sincronizar los movimientos con el beat de la m\u00fasica desde que sales a bailar a la pista.&nbsp;<\/p>\n\n\n\n<p><\/p>\n\n\n\n<p><strong>\u00bfC\u00f3mo empezar a sentir el ritmo de la m\u00fasica?<\/strong><\/p>\n\n\n\n<p>Cuando comiences a bailar Breakdance, escucha diferentes tipos de m\u00fasica relacionada con el estilo para que entiendas diferentes sensaciones musicales, m\u00e1s r\u00e1pidas, m\u00e1s lentas. Los g\u00e9neros m\u00e1s comunes son el Rap, Funk, Soul, Break Beats, Electr\u00f3nica. Aqu\u00ed es donde aprender\u00e1s a reconocer el ritmo y c\u00f3mo cada movimiento lo puedes adaptar con la m\u00fasica.<\/p>\n\n\n\n<p><\/p>\n\n\n\n<p><strong>Consejos para mejorar tu ritmo:<\/strong><\/p>\n\n\n\n<p><\/p>\n\n\n\n<ul class=\"wp-block-list\">\n<li><strong>Escucha las canciones sin bailar:<\/strong> Intenta seguir el ritmo solo con tus manos, los pies o la cabeza.&nbsp; &nbsp;<\/li>\n<\/ul>\n\n\n\n<ul class=\"wp-block-list\">\n<li><strong>Usa m\u00fasica instrumental: <\/strong>Al principio, puedes empezar con m\u00fasica sin voces para enfocarte m\u00e1s en el ritmo que en las letras. &nbsp;<\/li>\n<\/ul>\n\n\n\n<ul class=\"wp-block-list\">\n<li><strong>Con el ritmo base o el grave<\/strong> de la canci\u00f3n es cuando puedes empezar a hacer algunos pasos f\u00e1ciles de baile de arriba Top Rocks para empezar a seguir el ritmo de la m\u00fasica.<\/li>\n<\/ul>\n\n\n\n<p><strong>4. Practica los movimientos de manera constante<\/strong><\/p>\n\n\n\n<p><\/p>\n\n\n\n<p>La constancia es clave cuando se trata de c\u00f3mo aprender break dance desde cero. Cuanto m\u00e1s practiques y m\u00e1s te concentres m\u00e1s f\u00e1cil te resultar\u00e1 realizar los movimientos con fluidez y confianza.<\/p>\n\n\n\n<p><\/p>\n\n\n\n<p><strong>\u00bfPor qu\u00e9 es importante practicar todos los d\u00edas?<\/strong><\/p>\n\n\n\n<p>La pr\u00e1ctica diaria permite a tu cuerpo adaptarse a los movimientos, mejorando tu memoria muscular y desarrollando la fuerza, flexibilidad y agilidad necesarias. Adem\u00e1s, la repetici\u00f3n y la. Constancia es esencial para aprender los movimientos de forma correcta y evitar adquirir malos h\u00e1bitos que pueden llegar a producir lesiones.&nbsp;<\/p>\n\n\n\n<p><\/p>\n\n\n\n<p><strong>Consejos para mantener una rutina de pr\u00e1ctica:<\/strong><\/p>\n\n\n\n<p><\/p>\n\n\n\n<ul class=\"wp-block-list\">\n<li><strong>Dedica tiempo todos los d\u00edas:<\/strong> Intenta practicar al menos 1hora minutos al d\u00eda si es posible.<\/li>\n<\/ul>\n\n\n\n<ul class=\"wp-block-list\">\n<li><strong>Hazlo en diferentes lugares:<\/strong> Practicar en diferentes superficies como suelo o colchonetas te ayudar\u00e1 a ganar adaptabilidad y facilidad al principio.<\/li>\n<\/ul>\n\n\n\n<ul class=\"wp-block-list\">\n<li><strong>Graba tus sesiones:<\/strong> Grabarte te permitir\u00e1 observar tu t\u00e9cnica y corregir errores. &nbsp;<\/li>\n<\/ul>\n\n\n\n<p><strong>5. \u00danete a una comunidad de Breakdance<\/strong><\/p>\n\n\n\n<p><\/p>\n\n\n\n<p>Una de las mejores maneras de mejorar es rodearte de otros bailarines de Breaking que puedan ofrecerte consejos y motivaci\u00f3n. Unirte a una comunidad de Breakdance te permitir\u00e1 aprender m\u00e1s r\u00e1pido, compartir m\u00e1s, motivarte m\u00e1s y tener acceso a una red de apoyo.<\/p>\n\n\n\n<p><\/p>\n\n\n\n<p><strong>&nbsp;\u00bfC\u00f3mo encontrar una comunidad de Breakdance?<\/strong><\/p>\n\n\n\n<p>Puedes unirte a grupos en redes sociales, foros de Breakdance, o asistir a clases en una escuela especializada. Tambi\u00e9n puedes participar en eventos locales donde otros Bboys y Bgirls se re\u00fanan para bailar y compartir trucos. Aunque en general en cualquier ciudad del mundo siempre hay alguien que practica break dance.&nbsp;<\/p>\n\n\n\n<p><\/p>\n\n\n\n<p><strong>Consejos para aprovechar las comunidades:<\/strong><\/p>\n\n\n\n<p><\/p>\n\n\n\n<ul class=\"wp-block-list\">\n<li><strong>Haz preguntas y busca consejos:<\/strong> No tengas miedo de pedir ayuda a bailarines m\u00e1s experimentados ya que por la cultura del Hip hop es muy normal compartir informaci\u00f3n con otros bailares o bailarines para que todos mejoren m\u00e1s y la cultura pueda seguir creciendo y llevarla a otro nivel.<\/li>\n<\/ul>\n\n\n\n<ul class=\"wp-block-list\">\n<li><strong>Asiste a jams, batallas, clases y Masterclases:<\/strong> Estas son oportunidades perfectas para poner en pr\u00e1ctica lo aprendido, mejorar y aprender de personas que tienen mas conocimiento y tiempo que tu.<\/li>\n\n\n\n<li><strong>Viaja fuera de tu ciudad: <\/strong>Si, viajar fuera de tu ciudad para los eventos, clases o entrenar con otros bboys y bgirls har\u00e1 que tu mente se abra mucho, aprendas de otros bailarines, otras t\u00e9cnicas y lo m\u00e1s importante aprender\u00e1s a como piensan los dem\u00e1s compartiendo vuestra pasi\u00f3n por esta danza.<\/li>\n<\/ul>\n\n\n\n<p><strong>Conclusi\u00f3n: Empieza tu viaje en el Breakdance<\/strong><\/p>\n\n\n\n<p>Con estos 5 pasos para bailar break dance, estar\u00e1s listo para comenzar a practicar y perfeccionar tus habilidades en poco tiempo. Bailar Breaking es un desaf\u00edo emocionante y divertido, pero recuerda que lo m\u00e1s importante es la constancia, la paciencia y la pr\u00e1ctica aunque al principio sea dificil, Si sigues estos pasos, estar\u00e1s bien encaminado para convertirte en un Bboy o Bgirl. No te rindas y porque cada peque\u00f1o paso te acerca m\u00e1s a dominar esta danza. \u00a1El primer paso hacia tu \u00e9xito ya lo has dado!<\/p>\n\n\n\n<p><\/p>\n\n\n\n<p><strong>Mira m\u00e1s tutoriales y aprende desde cero<\/strong><\/p>\n\n\n\n<p><\/p>\n\n\n\n<p>\u00bfTe ha gustado este art\u00edculo? \u00a1Tenemos muchos m\u00e1s tutoriales y gu\u00edas donde podr\u00e1s aprender a bailar con m\u00e1s de 5 pasos de break dance! No te pierdas nuestros videos exclusivos donde desglosamos m\u00e1s movimientos y consejos a parte de entrenamientos espec\u00edficos para que puedas aprender los movimientos m\u00e1s r\u00e1pidos y eficaces. <\/p>\n\n\n\n<figure class=\"wp-block-embed is-type-video is-provider-youtube wp-block-embed-youtube wp-embed-aspect-16-9 wp-has-aspect-ratio\"><div class=\"wp-block-embed__wrapper\">\n<iframe loading=\"lazy\" title=\"5 BEGINNER BREAKDANCE MOVES TUTORIAL #shorts #breakdance #dancetutorial\" width=\"660\" height=\"371\" src=\"https:\/\/www.youtube.com\/embed\/qg4wwpwDh98?feature=oembed\" frameborder=\"0\" allow=\"accelerometer; autoplay; clipboard-write; encrypted-media; gyroscope; picture-in-picture; web-share\" referrerpolicy=\"strict-origin-when-cross-origin\" allowfullscreen><\/iframe>\n<\/div><\/figure>\n\n\n\n<p><a href=\"https:\/\/breakdance.es\/en\/errores-comunes-al-empezar-a-bailar-break-dance-y-como-evitarlos\/\">Aqu\u00ed<\/a> puedes aprender los errores m\u00e1s comunes al empezar a bailar break dance!<\/p>\n\n\n\n<p><\/p>\n\n\n\n<p><\/p>\n\n\n\n<p><\/p>","protected":false},"excerpt":{"rendered":"<p>5 pasos para empezar a bailar break dance Aqu\u00ed te explicamos los 5 pasos fundamentales para aprender a bailar break dance desde cero. Breakdance o Breaking es una de las danzas urbanas m\u00e1s populares y emocionantes del mundo. Si est\u00e1s buscando c\u00f3mo empezar a bailar Breakdance desde cero, este art\u00edculo es para ti. A continuaci\u00f3n, [&hellip;]<\/p>\n","protected":false},"author":1,"featured_media":0,"parent":0,"menu_order":0,"comment_status":"open","ping_status":"closed","template":"","meta":{"_coblocks_attr":"","_coblocks_dimensions":"","_coblocks_responsive_height":"","_coblocks_accordion_ie_support":"","hide_page_title":"","footnotes":""},"class_list":["post-57","page","type-page","status-publish","hentry"],"yoast_head":"<!-- This site is optimized with the Yoast SEO plugin v27.5 - https:\/\/yoast.com\/product\/yoast-seo-wordpress\/ -->\n<title>5 pasos para empezar a bailar break dance - Break Dance<\/title>\n<meta name=\"description\" content=\"Descubre los 5 primeros pasos para empezar a bailar break dance. Aprende lo esencial para iniciarte en el mundo del break con estos consejos.\" \/>\n<meta name=\"robots\" content=\"index, follow, max-snippet:-1, max-image-preview:large, max-video-preview:-1\" \/>\n<link rel=\"canonical\" href=\"https:\/\/breakdance.es\/en\/5-pasos-para-bailar-break-dance\/\" \/>\n<meta property=\"og:locale\" content=\"en_US\" \/>\n<meta property=\"og:type\" content=\"article\" \/>\n<meta property=\"og:title\" content=\"5 pasos para empezar a bailar break dance - Break Dance\" \/>\n<meta property=\"og:description\" content=\"Descubre los 5 primeros pasos para empezar a bailar break dance. Aprende lo esencial para iniciarte en el mundo del break con estos consejos.\" \/>\n<meta property=\"og:url\" content=\"https:\/\/breakdance.es\/en\/5-pasos-para-bailar-break-dance\/\" \/>\n<meta property=\"og:site_name\" content=\"Break Dance\" \/>\n<meta property=\"article:modified_time\" content=\"2025-10-05T23:47:19+00:00\" \/>\n<meta name=\"twitter:card\" content=\"summary_large_image\" \/>\n<meta name=\"twitter:label1\" content=\"Est. reading time\" \/>\n\t<meta name=\"twitter:data1\" content=\"6 minutes\" \/>\n<script type=\"application\/ld+json\" class=\"yoast-schema-graph\">{\"@context\":\"https:\\\/\\\/schema.org\",\"@graph\":[{\"@type\":\"WebPage\",\"@id\":\"https:\\\/\\\/breakdance.es\\\/5-pasos-para-bailar-break-dance\\\/\",\"url\":\"https:\\\/\\\/breakdance.es\\\/5-pasos-para-bailar-break-dance\\\/\",\"name\":\"5 pasos para empezar a bailar break dance - Break Dance\",\"isPartOf\":{\"@id\":\"https:\\\/\\\/breakdance.es\\\/es_es\\\/#website\"},\"datePublished\":\"2025-02-28T15:51:42+00:00\",\"dateModified\":\"2025-10-05T23:47:19+00:00\",\"description\":\"Descubre los 5 primeros pasos para empezar a bailar break dance. Aprende lo esencial para iniciarte en el mundo del break con estos consejos.\",\"breadcrumb\":{\"@id\":\"https:\\\/\\\/breakdance.es\\\/5-pasos-para-bailar-break-dance\\\/#breadcrumb\"},\"inLanguage\":\"en-US\",\"potentialAction\":[{\"@type\":\"ReadAction\",\"target\":[\"https:\\\/\\\/breakdance.es\\\/5-pasos-para-bailar-break-dance\\\/\"]}]},{\"@type\":\"BreadcrumbList\",\"@id\":\"https:\\\/\\\/breakdance.es\\\/5-pasos-para-bailar-break-dance\\\/#breadcrumb\",\"itemListElement\":[{\"@type\":\"ListItem\",\"position\":1,\"name\":\"Home\",\"item\":\"https:\\\/\\\/breakdance.es\\\/\"},{\"@type\":\"ListItem\",\"position\":2,\"name\":\"5 pasos para empezar a bailar break dance\"}]},{\"@type\":\"WebSite\",\"@id\":\"https:\\\/\\\/breakdance.es\\\/es_es\\\/#website\",\"url\":\"https:\\\/\\\/breakdance.es\\\/es_es\\\/\",\"name\":\"Break Dance\",\"description\":\"Breakdance.es es la primera web en el mundo dedicada 100% al Break Dance, con tutoriales, consejos, competiciones y todo lo que necesitas para aprender y mejorar en este arte.\",\"publisher\":{\"@id\":\"https:\\\/\\\/breakdance.es\\\/es_es\\\/#organization\"},\"potentialAction\":[{\"@type\":\"SearchAction\",\"target\":{\"@type\":\"EntryPoint\",\"urlTemplate\":\"https:\\\/\\\/breakdance.es\\\/es_es\\\/?s={search_term_string}\"},\"query-input\":{\"@type\":\"PropertyValueSpecification\",\"valueRequired\":true,\"valueName\":\"search_term_string\"}}],\"inLanguage\":\"en-US\"},{\"@type\":\"Organization\",\"@id\":\"https:\\\/\\\/breakdance.es\\\/es_es\\\/#organization\",\"name\":\"Break Dance\",\"url\":\"https:\\\/\\\/breakdance.es\\\/es_es\\\/\",\"logo\":{\"@type\":\"ImageObject\",\"inLanguage\":\"en-US\",\"@id\":\"https:\\\/\\\/breakdance.es\\\/es_es\\\/#\\\/schema\\\/logo\\\/image\\\/\",\"url\":\"https:\\\/\\\/breakdance.es\\\/wp-content\\\/uploads\\\/2025\\\/03\\\/cropped-breakdance-silueta-bboy.jpeg\",\"contentUrl\":\"https:\\\/\\\/breakdance.es\\\/wp-content\\\/uploads\\\/2025\\\/03\\\/cropped-breakdance-silueta-bboy.jpeg\",\"width\":512,\"height\":512,\"caption\":\"Break Dance\"},\"image\":{\"@id\":\"https:\\\/\\\/breakdance.es\\\/es_es\\\/#\\\/schema\\\/logo\\\/image\\\/\"}}]}<\/script>\n<!-- \/ Yoast SEO plugin. -->","yoast_head_json":{"title":"5 pasos para empezar a bailar break dance - Break Dance","description":"Descubre los 5 primeros pasos para empezar a bailar break dance. Aprende lo esencial para iniciarte en el mundo del break con estos consejos.","robots":{"index":"index","follow":"follow","max-snippet":"max-snippet:-1","max-image-preview":"max-image-preview:large","max-video-preview":"max-video-preview:-1"},"canonical":"https:\/\/breakdance.es\/en\/5-pasos-para-bailar-break-dance\/","og_locale":"en_US","og_type":"article","og_title":"5 pasos para empezar a bailar break dance - Break Dance","og_description":"Descubre los 5 primeros pasos para empezar a bailar break dance. Aprende lo esencial para iniciarte en el mundo del break con estos consejos.","og_url":"https:\/\/breakdance.es\/en\/5-pasos-para-bailar-break-dance\/","og_site_name":"Break Dance","article_modified_time":"2025-10-05T23:47:19+00:00","twitter_card":"summary_large_image","twitter_misc":{"Est. reading time":"6 minutes"},"schema":{"@context":"https:\/\/schema.org","@graph":[{"@type":"WebPage","@id":"https:\/\/breakdance.es\/5-pasos-para-bailar-break-dance\/","url":"https:\/\/breakdance.es\/5-pasos-para-bailar-break-dance\/","name":"5 pasos para empezar a bailar break dance - Break Dance","isPartOf":{"@id":"https:\/\/breakdance.es\/es_es\/#website"},"datePublished":"2025-02-28T15:51:42+00:00","dateModified":"2025-10-05T23:47:19+00:00","description":"Descubre los 5 primeros pasos para empezar a bailar break dance. Aprende lo esencial para iniciarte en el mundo del break con estos consejos.","breadcrumb":{"@id":"https:\/\/breakdance.es\/5-pasos-para-bailar-break-dance\/#breadcrumb"},"inLanguage":"en-US","potentialAction":[{"@type":"ReadAction","target":["https:\/\/breakdance.es\/5-pasos-para-bailar-break-dance\/"]}]},{"@type":"BreadcrumbList","@id":"https:\/\/breakdance.es\/5-pasos-para-bailar-break-dance\/#breadcrumb","itemListElement":[{"@type":"ListItem","position":1,"name":"Home","item":"https:\/\/breakdance.es\/"},{"@type":"ListItem","position":2,"name":"5 pasos para empezar a bailar break dance"}]},{"@type":"WebSite","@id":"https:\/\/breakdance.es\/es_es\/#website","url":"https:\/\/breakdance.es\/es_es\/","name":"Break Dance","description":"Breakdance.es es la primera web en el mundo dedicada 100% al Break Dance, con tutoriales, consejos, competiciones y todo lo que necesitas para aprender y mejorar en este arte.","publisher":{"@id":"https:\/\/breakdance.es\/es_es\/#organization"},"potentialAction":[{"@type":"SearchAction","target":{"@type":"EntryPoint","urlTemplate":"https:\/\/breakdance.es\/es_es\/?s={search_term_string}"},"query-input":{"@type":"PropertyValueSpecification","valueRequired":true,"valueName":"search_term_string"}}],"inLanguage":"en-US"},{"@type":"Organization","@id":"https:\/\/breakdance.es\/es_es\/#organization","name":"Break Dance","url":"https:\/\/breakdance.es\/es_es\/","logo":{"@type":"ImageObject","inLanguage":"en-US","@id":"https:\/\/breakdance.es\/es_es\/#\/schema\/logo\/image\/","url":"https:\/\/breakdance.es\/wp-content\/uploads\/2025\/03\/cropped-breakdance-silueta-bboy.jpeg","contentUrl":"https:\/\/breakdance.es\/wp-content\/uploads\/2025\/03\/cropped-breakdance-silueta-bboy.jpeg","width":512,"height":512,"caption":"Break Dance"},"image":{"@id":"https:\/\/breakdance.es\/es_es\/#\/schema\/logo\/image\/"}}]}},"_links":{"self":[{"href":"https:\/\/breakdance.es\/en\/wp-json\/wp\/v2\/pages\/57","targetHints":{"allow":["GET"]}}],"collection":[{"href":"https:\/\/breakdance.es\/en\/wp-json\/wp\/v2\/pages"}],"about":[{"href":"https:\/\/breakdance.es\/en\/wp-json\/wp\/v2\/types\/page"}],"author":[{"embeddable":true,"href":"https:\/\/breakdance.es\/en\/wp-json\/wp\/v2\/users\/1"}],"replies":[{"embeddable":true,"href":"https:\/\/breakdance.es\/en\/wp-json\/wp\/v2\/comments?post=57"}],"version-history":[{"count":20,"href":"https:\/\/breakdance.es\/en\/wp-json\/wp\/v2\/pages\/57\/revisions"}],"predecessor-version":[{"id":1012,"href":"https:\/\/breakdance.es\/en\/wp-json\/wp\/v2\/pages\/57\/revisions\/1012"}],"wp:attachment":[{"href":"https:\/\/breakdance.es\/en\/wp-json\/wp\/v2\/media?parent=57"}],"curies":[{"name":"wp","href":"https:\/\/api.w.org\/{rel}","templated":true}]}}