{"id":140,"date":"2025-03-02T13:37:54","date_gmt":"2025-03-02T13:37:54","guid":{"rendered":"https:\/\/breakdance.es\/?page_id=140"},"modified":"2025-10-05T23:49:22","modified_gmt":"2025-10-05T23:49:22","slug":"importancia-disciplina-break-dance","status":"publish","type":"page","link":"https:\/\/breakdance.es\/en\/importancia-disciplina-break-dance\/","title":{"rendered":"The importance of discipline and consistency in breakdancing"},"content":{"rendered":"<h1 class=\"wp-block-heading has-text-align-center has-huge-font-size\"><strong>The importance of discipline and consistency in breakdancing<\/strong><\/h1>\n\n\n\n<figure class=\"wp-block-image size-full\"><img loading=\"lazy\" decoding=\"async\" width=\"999\" height=\"666\" src=\"https:\/\/breakdance.es\/wp-content\/uploads\/2025\/03\/China-equipo-nacional-breakdance.png\" alt=\"El equipo nacional de breakdance de China sentado en un sal\u00f3n de actos, rodeados por estudiantes y p\u00fablico, durante un acto sobre la importancia de la disciplina.\" class=\"wp-image-910\" srcset=\"https:\/\/breakdance.es\/wp-content\/uploads\/2025\/03\/China-equipo-nacional-breakdance.png 999w, https:\/\/breakdance.es\/wp-content\/uploads\/2025\/03\/China-equipo-nacional-breakdance-300x200.png 300w, https:\/\/breakdance.es\/wp-content\/uploads\/2025\/03\/China-equipo-nacional-breakdance-768x512.png 768w\" sizes=\"auto, (max-width: 999px) 100vw, 999px\" \/><figcaption class=\"wp-element-caption\">El equipo nacional de breakdance de China compartiendo su experiencia sobre la disciplina y la constancia en la vida.<\/figcaption><\/figure>\n\n\n\n<p>La importancia de la disciplina y la constancia en el break dance es crucial para mejorar. El Breaking, es una disciplina que no solo exige habilidades f\u00edsicas, sino tambi\u00e9n una mentalidad fuerte, enfocada y perseverante. A lo largo de tu viaje en el Breaking, la disciplina y la constancia son dos factores clave que te ayudar\u00e1n a superar los desaf\u00edos, aprender nuevas t\u00e9cnicas y, finalmente, alcanzar el nivel de habilidad que deseas. En este art\u00edculo, exploraremos por qu\u00e9 la disciplina y la constancia son esenciales para cualquier Bboy o Bgirl, desde los principiantes hasta los profesionales.<\/p>\n\n\n\n<p><\/p>\n\n\n\n<p><strong>Por qu\u00e9 la Disciplina es Crucial en el Breaking?<\/strong><\/p>\n\n\n\n<p>El Breaking es mucho m\u00e1s que simplemente aprender pasos de baile. Es un arte que requiere de tiempo, esfuerzo y dedicaci\u00f3n. La disciplina te permite establecer metas claras, seguir un plan de entrenamiento y continuar perfeccionando tus habilidades, incluso cuando los resultados no sean inmediatos. Sin disciplina, es f\u00e1cil rendirse ante las dificultades o perderse en la frustraci\u00f3n, lo que puede impedir tu progreso ya no solo en el baile si no en tu vida en general.<\/p>\n\n\n\n<p><\/p>\n\n\n\n<p><strong>1. Establecer Rutinas de Entrenamiento Efectivas<\/strong><\/p>\n\n\n\n<p>Las rutinas te ayudan a crear y mantener h\u00e1bitos de entrenamiento consistentes. Al practicar todos los d\u00edas o de forma regular, puedes mejorar tu resistencia, fuerza, flexibilidad y coordinaci\u00f3n, componentes esenciales en Breaking. Esto no solo se aplica a los movimientos b\u00e1sicos, sino tambi\u00e9n a las acrobacias y freezers que requieren mucha precisi\u00f3n y t\u00e9cnica.<\/p>\n\n\n\n<p><\/p>\n\n\n\n<p><strong>2. Superar los Obst\u00e1culos y Frustraciones<\/strong><\/p>\n\n\n\n<p>Aprender Breaking puede ser frustrante, especialmente cuando no ves avances inmediatos y sobre todo al principio ya que es lo que m\u00e1s cuesta. La disciplina te ayudar\u00e1 a seguir adelante incluso cuando las cosas se pongan dif\u00edciles. Sin ella, es f\u00e1cil rendirse y no continuar con la pr\u00e1ctica. La clave es ser constante, confiar en el proceso y tener la paciencia para superar los obst\u00e1culos y ya ver\u00e1s que poco a poco ir\u00e1s viendo los resultados.&nbsp;<\/p>\n\n\n\n<p><\/p>\n\n\n\n<p><strong>La Constancia: El Secreto del Progreso en Breakdance<\/strong><\/p>\n\n\n\n<p>La constancia es lo que realmente marca la diferencia en el largo plazo. No basta con practicar un par de d\u00edas a la semana o s\u00f3lo cuando te sientes inspirado. La verdadera magia del Breaking ocurre cuando te comprometes a entrenar de manera regular, incluso cuando las ganas falten o cuando enfrentes d\u00edas dif\u00edciles. Es as\u00ed cuando realmente empiezas a aprender bien los movimientos y a ponerte en forma.<\/p>\n\n\n\n<p><\/p>\n\n\n\n<p><strong>1. Mejorar la Memoria Muscular<\/strong><\/p>\n\n\n\n<p>La repetici\u00f3n es clave para desarrollar la memoria muscular, lo que te permite ejecutar movimientos de forma autom\u00e1tica y sin tener que pensar demasiado en ellos. Al entrenar constantemente, los movimientos se vuelven m\u00e1s naturales y fluidos, lo que es crucial para ejecutar combinaciones y transiciones complejas en Breakdance.<\/p>\n\n\n\n<p><\/p>\n\n\n\n<p><strong>2. Crear una Mentalidad de Crecimiento<\/strong><\/p>\n\n\n\n<p>La constancia no solo fortalece tu cuerpo, sino tambi\u00e9n tu mentalidad. Cuanto m\u00e1s practicas, m\u00e1s conf\u00edas en tus habilidades y esto lo puedes aplicar en la vida en general. Al principio, es com\u00fan sentirse inseguro sobre algunos movimientos, pero con el tiempo, la pr\u00e1ctica constante te ayudar\u00e1 a adquirir la confianza necesaria para enfrentar desaf\u00edos m\u00e1s grandes. Esta mentalidad de crecimiento es lo que distingue a los verdaderos campeones en Breakdance.<\/p>\n\n\n\n<p><\/p>\n\n\n\n<p><strong>El Impacto de la Disciplina y la Constancia en la T\u00e9cnica y el Estilo<\/strong><\/p>\n\n\n\n<p>Si bien la t\u00e9cnica es importante en el Breakdance, la forma en que expresas tu estilo personal tambi\u00e9n es esencial. La importancia de la disciplina y la constancia en el break dance no solo afectan tu habilidad t\u00e9cnica, sino tambi\u00e9n tu creatividad. La pr\u00e1ctica constante te permite experimentar con nuevos movimientos y agregar tu propio toque a cada rutina creando un estilo personal que es lo m\u00e1s importante aprendiendo bien las bases. Adem\u00e1s, la disciplina te da la libertad de explorar diferentes estilos dentro del Breaking, ya sean power moves, footworks, Freezers, top rocks o tricks.&nbsp;<\/p>\n\n\n\n<p><\/p>\n\n\n\n<p><strong>1. Desarrollar tu Propio Estilo<\/strong><\/p>\n\n\n\n<p>Cada bailar\u00edn de Breakdance tiene un estilo \u00fanico, que se desarrolla a trav\u00e9s de la disciplina y la constancia. Cuando practicas constantemente, adquieres m\u00e1s confianza en tu habilidad para improvisar, combinar movimientos y explorar nuevas ideas, conceptos, transiciones y pasando a otra dimensi\u00f3n mental que es cuando creas tu estilo personal y reconocido por la comunidad del Breaking. Este proceso te lleva a descubrir lo que te hace destacar entre otros bailarines.<\/p>\n\n\n\n<p><\/p>\n\n\n\n<p><strong>2. Perfeccionar los Movimientos y Combinaciones<\/strong><\/p>\n\n\n\n<p>La repetici\u00f3n es la clave para perfeccionar tanto los movimientos b\u00e1sicos como las combinaciones m\u00e1s complejas. Los movimientos como el windmill, headspin, y flare requieren mucha pr\u00e1ctica para ser ejecutados con fluidez y precisi\u00f3n. La disciplina y la constancia permiten que estos movimientos se realicen de forma m\u00e1s natural, mejorando la calidad de tu baile y elev\u00e1ndola a otro nivel.<\/p>\n\n\n\n<p><\/p>\n\n\n\n<p><strong>C\u00f3mo Implementar la Disciplina y la Constancia en tu Entrenamiento de Breakdance<\/strong><\/p>\n\n\n\n<p>Si bien es claro que son elementos fundamentales para tu progreso en el breaking, la clave est\u00e1 en c\u00f3mo implementarlas en tu rutina diaria. Aqu\u00ed te dejamos algunos consejos pr\u00e1cticos para incorporar estos principios en tu entrenamiento:<\/p>\n\n\n\n<p><\/p>\n\n\n\n<p><strong>1. Establece un Horario de Entrenamiento Regular<\/strong><\/p>\n\n\n\n<p>Uno de los mejores m\u00e9todos para mantener la d es establecer un horario fijo de entrenamiento. Ya sea que entrenes por la ma\u00f1ana, tarde o noche, tener una rutina estructurada har\u00e1 que te sea m\u00e1s f\u00e1cil ser constante y tu cuerpo est\u00e1 preparado para la rutina diaria a la misma hora.&nbsp;<\/p>\n\n\n\n<p><\/p>\n\n\n\n<p><strong>2. Marca Metas a Corto, medio y Largo Plazo<\/strong><\/p>\n\n\n\n<p>Es importante tener objetivos claros. Por ejemplo, puedes comenzar con metas peque\u00f1as, como mejorar tu six-step o aprender un freeze. A medida que alcanzas estas metas, establece nuevos desaf\u00edos m\u00e1s grandes. Las metas ayudan a mantener la motivaci\u00f3n y aseguran que tu entrenamiento sea progresivo y poco a poco vas cogiendo m\u00e1s nivel.<\/p>\n\n\n\n<p><\/p>\n\n\n\n<p><strong>3. No Temas Pedir Ayuda o Retroalimentaci\u00f3n<\/strong><\/p>\n\n\n\n<p>A veces, un cambio de perspectiva puede ayudarte a mejorar. Si est\u00e1s atascado en alg\u00fan movimiento, busca ayuda de un compa\u00f1ero de entrenamiento o entrenador. La retroalimentaci\u00f3n te permite ver tus errores y te orienta sobre c\u00f3mo mejorar, lo que fomenta la disciplina para corregirlos. Adem\u00e1s en la comunidad del Breaking es muy normal ayudarse entre ellos mismos as\u00ed que no tengas verg\u00fcenza en pedir consejos.&nbsp;<\/p>\n\n\n\n<p><\/p>\n\n\n\n<p><strong>Conclusion:<\/strong> La importancia de disciplina y la constancia en el break dance son Tu Mejor Aliado. No solo te ayudan a mejorar tu t\u00e9cnica, sino que tambi\u00e9n te impulsan a mantener una mentalidad positiva y enfocada. Estos dos principios son los cimientos sobre los que construir\u00e1s tu camino hacia el \u00e9xito. Recuerda que el progreso es un viaje constante, y cada d\u00eda de entrenamiento te acerca m\u00e1s a tu objetivo.<\/p>\n\n\n\n<p><\/p>\n\n\n\n<p><strong>\u00a1Da el Primer Paso Hacia el \u00c9xito en Breakdance!<\/strong><\/p>\n\n\n\n<p><\/p>\n\n\n\n<p>Si est\u00e1s listo para mejorar tu t\u00e9cnica de Breaking y desarrollar tu nivel, \u00fanete a nuestras clases y comienza tu viaje hoy mismo. Ya seas principiante o avanzado, nuestras lecciones personalizadas te ayudar\u00e1n a alcanzar tus metas.<\/p>\n\n\n\n<p><\/p>\n\n\n\n<p>\ud83c\udfa5 **S\u00edguenos en Redes Sociales para M\u00e1s Inspiraci\u00f3n y Motivaci\u00f3n** &nbsp;<\/p>\n\n\n\n<p><\/p>\n\n\n\n<p>\u00bfTe ha gustado este art\u00edculo?** \u00a1Suscr\u00edbete a nuestro bolet\u00edn y recibe m\u00e1s consejos sobre Breakdance, disciplina y constancia! &nbsp;<\/p>\n\n\n\n<p><\/p>\n\n\n\n<p>Si quieres saber como entrenar en casa visita nuestra gu\u00eda para empezar a bailar sin equipo <a href=\"https:\/\/breakdance.es\/en\/como-entrenar-break-dance-casa\/\">here!<\/a><\/p>\n\n\n\n<p><\/p>","protected":false},"excerpt":{"rendered":"<p>La importancia de la disciplina y la constancia en el break dance La importancia de la disciplina y la constancia en el break dance es crucial para mejorar. El Breaking, es una disciplina que no solo exige habilidades f\u00edsicas, sino tambi\u00e9n una mentalidad fuerte, enfocada y perseverante. A lo largo de tu viaje en el [&hellip;]<\/p>\n","protected":false},"author":1,"featured_media":0,"parent":0,"menu_order":0,"comment_status":"open","ping_status":"closed","template":"","meta":{"_coblocks_attr":"","_coblocks_dimensions":"","_coblocks_responsive_height":"","_coblocks_accordion_ie_support":"","hide_page_title":"","footnotes":""},"class_list":["post-140","page","type-page","status-publish","hentry"],"yoast_head":"<!-- This site is optimized with the Yoast SEO plugin v27.5 - https:\/\/yoast.com\/product\/yoast-seo-wordpress\/ -->\n<title>La importancia de la disciplina y la constancia en el break dance - Break Dance<\/title>\n<meta name=\"description\" content=\"Descubre la importancia de la disciplina y la constancia en el break dance. Aprende c\u00f3mo estos dos pilares son fundamentales para progresar.\" \/>\n<meta name=\"robots\" content=\"index, follow, max-snippet:-1, max-image-preview:large, max-video-preview:-1\" \/>\n<link rel=\"canonical\" href=\"https:\/\/breakdance.es\/en\/importancia-disciplina-break-dance\/\" \/>\n<meta property=\"og:locale\" content=\"en_US\" \/>\n<meta property=\"og:type\" content=\"article\" \/>\n<meta property=\"og:title\" content=\"La importancia de la disciplina y la constancia en el break dance - Break Dance\" \/>\n<meta property=\"og:description\" content=\"Descubre la importancia de la disciplina y la constancia en el break dance. Aprende c\u00f3mo estos dos pilares son fundamentales para progresar.\" \/>\n<meta property=\"og:url\" content=\"https:\/\/breakdance.es\/en\/importancia-disciplina-break-dance\/\" \/>\n<meta property=\"og:site_name\" content=\"Break Dance\" \/>\n<meta property=\"article:modified_time\" content=\"2025-10-05T23:49:22+00:00\" \/>\n<meta property=\"og:image\" content=\"https:\/\/breakdance.es\/wp-content\/uploads\/2025\/03\/China-equipo-nacional-breakdance.png\" \/>\n\t<meta property=\"og:image:width\" content=\"999\" \/>\n\t<meta property=\"og:image:height\" content=\"666\" \/>\n\t<meta property=\"og:image:type\" content=\"image\/png\" \/>\n<meta name=\"twitter:card\" content=\"summary_large_image\" \/>\n<meta name=\"twitter:label1\" content=\"Est. reading time\" \/>\n\t<meta name=\"twitter:data1\" content=\"6 minutes\" \/>\n<script type=\"application\/ld+json\" class=\"yoast-schema-graph\">{\"@context\":\"https:\\\/\\\/schema.org\",\"@graph\":[{\"@type\":\"WebPage\",\"@id\":\"https:\\\/\\\/breakdance.es\\\/importancia-disciplina-break-dance\\\/\",\"url\":\"https:\\\/\\\/breakdance.es\\\/importancia-disciplina-break-dance\\\/\",\"name\":\"La importancia de la disciplina y la constancia en el break dance - Break Dance\",\"isPartOf\":{\"@id\":\"https:\\\/\\\/breakdance.es\\\/es_es\\\/#website\"},\"primaryImageOfPage\":{\"@id\":\"https:\\\/\\\/breakdance.es\\\/importancia-disciplina-break-dance\\\/#primaryimage\"},\"image\":{\"@id\":\"https:\\\/\\\/breakdance.es\\\/importancia-disciplina-break-dance\\\/#primaryimage\"},\"thumbnailUrl\":\"https:\\\/\\\/breakdance.es\\\/wp-content\\\/uploads\\\/2025\\\/03\\\/China-equipo-nacional-breakdance.png\",\"datePublished\":\"2025-03-02T13:37:54+00:00\",\"dateModified\":\"2025-10-05T23:49:22+00:00\",\"description\":\"Descubre la importancia de la disciplina y la constancia en el break dance. Aprende c\u00f3mo estos dos pilares son fundamentales para progresar.\",\"breadcrumb\":{\"@id\":\"https:\\\/\\\/breakdance.es\\\/importancia-disciplina-break-dance\\\/#breadcrumb\"},\"inLanguage\":\"en-US\",\"potentialAction\":[{\"@type\":\"ReadAction\",\"target\":[\"https:\\\/\\\/breakdance.es\\\/importancia-disciplina-break-dance\\\/\"]}]},{\"@type\":\"ImageObject\",\"inLanguage\":\"en-US\",\"@id\":\"https:\\\/\\\/breakdance.es\\\/importancia-disciplina-break-dance\\\/#primaryimage\",\"url\":\"https:\\\/\\\/breakdance.es\\\/wp-content\\\/uploads\\\/2025\\\/03\\\/China-equipo-nacional-breakdance.png\",\"contentUrl\":\"https:\\\/\\\/breakdance.es\\\/wp-content\\\/uploads\\\/2025\\\/03\\\/China-equipo-nacional-breakdance.png\"},{\"@type\":\"BreadcrumbList\",\"@id\":\"https:\\\/\\\/breakdance.es\\\/importancia-disciplina-break-dance\\\/#breadcrumb\",\"itemListElement\":[{\"@type\":\"ListItem\",\"position\":1,\"name\":\"Home\",\"item\":\"https:\\\/\\\/breakdance.es\\\/\"},{\"@type\":\"ListItem\",\"position\":2,\"name\":\"La importancia de la disciplina y la constancia en el break dance\"}]},{\"@type\":\"WebSite\",\"@id\":\"https:\\\/\\\/breakdance.es\\\/es_es\\\/#website\",\"url\":\"https:\\\/\\\/breakdance.es\\\/es_es\\\/\",\"name\":\"Break Dance\",\"description\":\"Breakdance.es es la primera web en el mundo dedicada 100% al Break Dance, con tutoriales, consejos, competiciones y todo lo que necesitas para aprender y mejorar en este arte.\",\"publisher\":{\"@id\":\"https:\\\/\\\/breakdance.es\\\/es_es\\\/#organization\"},\"potentialAction\":[{\"@type\":\"SearchAction\",\"target\":{\"@type\":\"EntryPoint\",\"urlTemplate\":\"https:\\\/\\\/breakdance.es\\\/es_es\\\/?s={search_term_string}\"},\"query-input\":{\"@type\":\"PropertyValueSpecification\",\"valueRequired\":true,\"valueName\":\"search_term_string\"}}],\"inLanguage\":\"en-US\"},{\"@type\":\"Organization\",\"@id\":\"https:\\\/\\\/breakdance.es\\\/es_es\\\/#organization\",\"name\":\"Break Dance\",\"url\":\"https:\\\/\\\/breakdance.es\\\/es_es\\\/\",\"logo\":{\"@type\":\"ImageObject\",\"inLanguage\":\"en-US\",\"@id\":\"https:\\\/\\\/breakdance.es\\\/es_es\\\/#\\\/schema\\\/logo\\\/image\\\/\",\"url\":\"https:\\\/\\\/breakdance.es\\\/wp-content\\\/uploads\\\/2025\\\/03\\\/cropped-breakdance-silueta-bboy.jpeg\",\"contentUrl\":\"https:\\\/\\\/breakdance.es\\\/wp-content\\\/uploads\\\/2025\\\/03\\\/cropped-breakdance-silueta-bboy.jpeg\",\"width\":512,\"height\":512,\"caption\":\"Break Dance\"},\"image\":{\"@id\":\"https:\\\/\\\/breakdance.es\\\/es_es\\\/#\\\/schema\\\/logo\\\/image\\\/\"}}]}<\/script>\n<!-- \/ Yoast SEO plugin. -->","yoast_head_json":{"title":"La importancia de la disciplina y la constancia en el break dance - Break Dance","description":"Descubre la importancia de la disciplina y la constancia en el break dance. Aprende c\u00f3mo estos dos pilares son fundamentales para progresar.","robots":{"index":"index","follow":"follow","max-snippet":"max-snippet:-1","max-image-preview":"max-image-preview:large","max-video-preview":"max-video-preview:-1"},"canonical":"https:\/\/breakdance.es\/en\/importancia-disciplina-break-dance\/","og_locale":"en_US","og_type":"article","og_title":"La importancia de la disciplina y la constancia en el break dance - Break Dance","og_description":"Descubre la importancia de la disciplina y la constancia en el break dance. Aprende c\u00f3mo estos dos pilares son fundamentales para progresar.","og_url":"https:\/\/breakdance.es\/en\/importancia-disciplina-break-dance\/","og_site_name":"Break Dance","article_modified_time":"2025-10-05T23:49:22+00:00","og_image":[{"width":999,"height":666,"url":"https:\/\/breakdance.es\/wp-content\/uploads\/2025\/03\/China-equipo-nacional-breakdance.png","type":"image\/png"}],"twitter_card":"summary_large_image","twitter_misc":{"Est. reading time":"6 minutes"},"schema":{"@context":"https:\/\/schema.org","@graph":[{"@type":"WebPage","@id":"https:\/\/breakdance.es\/importancia-disciplina-break-dance\/","url":"https:\/\/breakdance.es\/importancia-disciplina-break-dance\/","name":"La importancia de la disciplina y la constancia en el break dance - Break Dance","isPartOf":{"@id":"https:\/\/breakdance.es\/es_es\/#website"},"primaryImageOfPage":{"@id":"https:\/\/breakdance.es\/importancia-disciplina-break-dance\/#primaryimage"},"image":{"@id":"https:\/\/breakdance.es\/importancia-disciplina-break-dance\/#primaryimage"},"thumbnailUrl":"https:\/\/breakdance.es\/wp-content\/uploads\/2025\/03\/China-equipo-nacional-breakdance.png","datePublished":"2025-03-02T13:37:54+00:00","dateModified":"2025-10-05T23:49:22+00:00","description":"Descubre la importancia de la disciplina y la constancia en el break dance. Aprende c\u00f3mo estos dos pilares son fundamentales para progresar.","breadcrumb":{"@id":"https:\/\/breakdance.es\/importancia-disciplina-break-dance\/#breadcrumb"},"inLanguage":"en-US","potentialAction":[{"@type":"ReadAction","target":["https:\/\/breakdance.es\/importancia-disciplina-break-dance\/"]}]},{"@type":"ImageObject","inLanguage":"en-US","@id":"https:\/\/breakdance.es\/importancia-disciplina-break-dance\/#primaryimage","url":"https:\/\/breakdance.es\/wp-content\/uploads\/2025\/03\/China-equipo-nacional-breakdance.png","contentUrl":"https:\/\/breakdance.es\/wp-content\/uploads\/2025\/03\/China-equipo-nacional-breakdance.png"},{"@type":"BreadcrumbList","@id":"https:\/\/breakdance.es\/importancia-disciplina-break-dance\/#breadcrumb","itemListElement":[{"@type":"ListItem","position":1,"name":"Home","item":"https:\/\/breakdance.es\/"},{"@type":"ListItem","position":2,"name":"La importancia de la disciplina y la constancia en el break dance"}]},{"@type":"WebSite","@id":"https:\/\/breakdance.es\/es_es\/#website","url":"https:\/\/breakdance.es\/es_es\/","name":"Break Dance","description":"Breakdance.es es la primera web en el mundo dedicada 100% al Break Dance, con tutoriales, consejos, competiciones y todo lo que necesitas para aprender y mejorar en este arte.","publisher":{"@id":"https:\/\/breakdance.es\/es_es\/#organization"},"potentialAction":[{"@type":"SearchAction","target":{"@type":"EntryPoint","urlTemplate":"https:\/\/breakdance.es\/es_es\/?s={search_term_string}"},"query-input":{"@type":"PropertyValueSpecification","valueRequired":true,"valueName":"search_term_string"}}],"inLanguage":"en-US"},{"@type":"Organization","@id":"https:\/\/breakdance.es\/es_es\/#organization","name":"Break Dance","url":"https:\/\/breakdance.es\/es_es\/","logo":{"@type":"ImageObject","inLanguage":"en-US","@id":"https:\/\/breakdance.es\/es_es\/#\/schema\/logo\/image\/","url":"https:\/\/breakdance.es\/wp-content\/uploads\/2025\/03\/cropped-breakdance-silueta-bboy.jpeg","contentUrl":"https:\/\/breakdance.es\/wp-content\/uploads\/2025\/03\/cropped-breakdance-silueta-bboy.jpeg","width":512,"height":512,"caption":"Break Dance"},"image":{"@id":"https:\/\/breakdance.es\/es_es\/#\/schema\/logo\/image\/"}}]}},"_links":{"self":[{"href":"https:\/\/breakdance.es\/en\/wp-json\/wp\/v2\/pages\/140","targetHints":{"allow":["GET"]}}],"collection":[{"href":"https:\/\/breakdance.es\/en\/wp-json\/wp\/v2\/pages"}],"about":[{"href":"https:\/\/breakdance.es\/en\/wp-json\/wp\/v2\/types\/page"}],"author":[{"embeddable":true,"href":"https:\/\/breakdance.es\/en\/wp-json\/wp\/v2\/users\/1"}],"replies":[{"embeddable":true,"href":"https:\/\/breakdance.es\/en\/wp-json\/wp\/v2\/comments?post=140"}],"version-history":[{"count":14,"href":"https:\/\/breakdance.es\/en\/wp-json\/wp\/v2\/pages\/140\/revisions"}],"predecessor-version":[{"id":1014,"href":"https:\/\/breakdance.es\/en\/wp-json\/wp\/v2\/pages\/140\/revisions\/1014"}],"wp:attachment":[{"href":"https:\/\/breakdance.es\/en\/wp-json\/wp\/v2\/media?parent=140"}],"curies":[{"name":"wp","href":"https:\/\/api.w.org\/{rel}","templated":true}]}}